{"id":4766,"date":"2016-06-06T12:52:09","date_gmt":"2016-06-06T10:52:09","guid":{"rendered":"http:\/\/avs-advisors.com\/?page_id=4766&#038;lang=fr"},"modified":"2023-01-20T12:23:47","modified_gmt":"2023-01-20T11:23:47","slug":"disclaimer","status":"publish","type":"page","link":"https:\/\/avs-advisors.com\/fr\/disclaimer\/","title":{"rendered":"Disclaimer"},"content":{"rendered":"\n<style type=\"text\/css\" data-created_by=\"avia_inline_auto\" id=\"style-css-av-2gfefy-329d1b86ce6e830904e727d243e937a8\">\n.flex_column.av-2gfefy-329d1b86ce6e830904e727d243e937a8{\n-webkit-border-radius:0px 0px 0px 0px;\n-moz-border-radius:0px 0px 0px 0px;\nborder-radius:0px 0px 0px 0px;\npadding:0px 0px 0px 0px;\n}\n<\/style>\n<div class='flex_column av-2gfefy-329d1b86ce6e830904e727d243e937a8 av_one_full  avia-builder-el-0  avia-builder-el-no-sibling  first flex_column_div av-zero-column-padding '     ><section  class='av_textblock_section av-kcw7t7b8-553e4fd09a274c54c36f95b549713fb0'  itemscope=\"itemscope\" itemtype=\"https:\/\/schema.org\/CreativeWork\" ><div class='avia_textblock'  itemprop=\"text\" ><p><strong>Mentions l\u00e9gales<\/strong><\/p>\n<p><strong>AvS \u2013 International Trusted Advisors GmbH<\/strong><\/p>\n<p>Untermainkai 31<br \/>\n60329 Francfort<br \/>\nAllemagne<\/p>\n<p>Phone: +49 (69) 2713975-0<\/p>\n<p>www.avs-advisors.com<\/p>\n<p>Directeurs g\u00e9n\u00e9raux: Andreas von Specht, Dr. Christian B\u00fchring-Uhle, Philipp Fleischmann<\/p>\n<p>Tribunal charg\u00e9 de la tenue du registre de publication : Tribunal d\u2019instance d\u2019Fr\u00e1ncfort<br \/>\nNum\u00e9ro de registre: HRB 108012<\/p>\n<p>Num\u00e9ro d\u2019identification \u00e0 la TVA conform\u00e9ment au \u00a727 a de la loi relative \u00e0 la taxe sur le chiffre d\u2019affaires : DE 276609783<\/p>\n<p>Prestataire responsable du contenu du site conform\u00e9ment au TMG\/RStV : Andreas von Specht, Dr. Christian B\u00fchring-Uhle, Philipp Fleischmann (adresse indiqu\u00e9e plus haut)<\/p>\n<p><strong>Clauses d\u2019exclusions ou de limitation de r\u00e9sponsabilit\u00e9<\/strong><\/p>\n<p><strong>Liability for Content<\/strong><br \/>\nWe make every effort to keep the information on our website current, but accept no liability whatsoever for the content provided. Pursuant to \u00a77 par. 1 of TMG (German Tele-Media Act), the law limits our responsibility as a service provider to our own content on these web pages. According to \u00a7\u00a78 to 10 of TMG, we are not obligated to monitor third party information provided or stored on our website. However, we shall promptly remove any content upon becoming aware that it violates the law. Our liability in such an instance shall commence at the time we become aware of the respective violation.<\/p>\n<p><strong>Liability for Links<\/strong><br \/>\nOur site contains links to third-party websites. We have no influence whatsoever on the information on these websites and therefore accept no guaranty for its correctness. The content of such third-party sites is the responsibility of the respective owners\/providers. Any liability in connection with the use of, and the reliance on, such links is, therefore, excluded. At the time third-party websites were linked to ours, we found no grounds whatsoever of any likely contravention of the law. We shall promptly delete a link upon becoming aware that it violates the law.<\/p>\n<p><strong>Copyrights<\/strong><br \/>\nThe content and works provided on these websites are governed by the copyright laws of Germany. AvS \u2013 International Trusted Advisors GmbH owns the copyright of the entire websites\u2019 content or any part thereof. Duplication, processing, distribution, or any form of commercialisation of such material beyond the scope of the copyright law shall require the prior written consent of its respective author or creator.<\/p>\n<p><strong>Legal effectiveness of the disclaimer<\/strong><br \/>\nIn case certain of the declarations in the above listed disclaimer are or become invalid, all other declarations still remain valid.<\/p>\n<\/div><\/section><\/div>\n","protected":false},"excerpt":{"rendered":"","protected":false},"author":2,"featured_media":0,"parent":0,"menu_order":0,"comment_status":"closed","ping_status":"closed","template":"","meta":{"inline_featured_image":false,"footnotes":""},"yoast_head":"<!-- This site is optimized with the Yoast SEO plugin v21.6 - https:\/\/yoast.com\/wordpress\/plugins\/seo\/ -->\n<title>Disclaimer - AvS Advisors<\/title>\n<meta name=\"robots\" content=\"index, follow, max-snippet:-1, max-image-preview:large, max-video-preview:-1\" \/>\n<link rel=\"canonical\" href=\"https:\/\/avs-advisors.com\/fr\/disclaimer\/\" \/>\n<meta property=\"og:locale\" content=\"fr_FR\" \/>\n<meta property=\"og:type\" content=\"article\" \/>\n<meta property=\"og:title\" content=\"Disclaimer - AvS Advisors\" \/>\n<meta property=\"og:url\" content=\"https:\/\/avs-advisors.com\/fr\/disclaimer\/\" \/>\n<meta property=\"og:site_name\" content=\"AvS Advisors\" \/>\n<meta property=\"article:modified_time\" content=\"2023-01-20T11:23:47+00:00\" \/>\n<meta name=\"twitter:card\" content=\"summary_large_image\" \/>\n<meta name=\"twitter:label1\" content=\"Dur\u00e9e de lecture estim\u00e9e\" \/>\n\t<meta name=\"twitter:data1\" content=\"2 minutes\" \/>\n<script type=\"application\/ld+json\" class=\"yoast-schema-graph\">{\"@context\":\"https:\/\/schema.org\",\"@graph\":[{\"@type\":\"WebPage\",\"@id\":\"https:\/\/avs-advisors.com\/fr\/disclaimer\/\",\"url\":\"https:\/\/avs-advisors.com\/fr\/disclaimer\/\",\"name\":\"Disclaimer - AvS Advisors\",\"isPartOf\":{\"@id\":\"https:\/\/avs-advisors.com\/#website\"},\"datePublished\":\"2016-06-06T10:52:09+00:00\",\"dateModified\":\"2023-01-20T11:23:47+00:00\",\"breadcrumb\":{\"@id\":\"https:\/\/avs-advisors.com\/fr\/disclaimer\/#breadcrumb\"},\"inLanguage\":\"fr-FR\",\"potentialAction\":[{\"@type\":\"ReadAction\",\"target\":[\"https:\/\/avs-advisors.com\/fr\/disclaimer\/\"]}]},{\"@type\":\"BreadcrumbList\",\"@id\":\"https:\/\/avs-advisors.com\/fr\/disclaimer\/#breadcrumb\",\"itemListElement\":[{\"@type\":\"ListItem\",\"position\":1,\"name\":\"Home\",\"item\":\"https:\/\/avs-advisors.com\/fr\/bienvenue\/\"},{\"@type\":\"ListItem\",\"position\":2,\"name\":\"Disclaimer\"}]},{\"@type\":\"WebSite\",\"@id\":\"https:\/\/avs-advisors.com\/#website\",\"url\":\"https:\/\/avs-advisors.com\/\",\"name\":\"AvS Advisors\",\"description\":\"Welcome\",\"publisher\":{\"@id\":\"https:\/\/avs-advisors.com\/#organization\"},\"potentialAction\":[{\"@type\":\"SearchAction\",\"target\":{\"@type\":\"EntryPoint\",\"urlTemplate\":\"https:\/\/avs-advisors.com\/?s={search_term_string}\"},\"query-input\":\"required name=search_term_string\"}],\"inLanguage\":\"fr-FR\"},{\"@type\":\"Organization\",\"@id\":\"https:\/\/avs-advisors.com\/#organization\",\"name\":\"Andreas von Specht \u2013 International Trusted Advisors GmbH\",\"url\":\"https:\/\/avs-advisors.com\/\",\"logo\":{\"@type\":\"ImageObject\",\"inLanguage\":\"fr-FR\",\"@id\":\"https:\/\/avs-advisors.com\/#\/schema\/logo\/image\/\",\"url\":\"https:\/\/avs-advisors.com\/wp-content\/uploads\/2023\/02\/AvS_Pantone_Gruen_003.svg\",\"contentUrl\":\"https:\/\/avs-advisors.com\/wp-content\/uploads\/2023\/02\/AvS_Pantone_Gruen_003.svg\",\"width\":\"1030\",\"height\":\"1030\",\"caption\":\"Andreas von Specht \u2013 International Trusted Advisors GmbH\"},\"image\":{\"@id\":\"https:\/\/avs-advisors.com\/#\/schema\/logo\/image\/\"},\"sameAs\":[\"https:\/\/www.linkedin.com\/company\/2461737\"]}]}<\/script>\n<!-- \/ Yoast SEO plugin. -->","yoast_head_json":{"title":"Disclaimer - AvS Advisors","robots":{"index":"index","follow":"follow","max-snippet":"max-snippet:-1","max-image-preview":"max-image-preview:large","max-video-preview":"max-video-preview:-1"},"canonical":"https:\/\/avs-advisors.com\/fr\/disclaimer\/","og_locale":"fr_FR","og_type":"article","og_title":"Disclaimer - AvS Advisors","og_url":"https:\/\/avs-advisors.com\/fr\/disclaimer\/","og_site_name":"AvS Advisors","article_modified_time":"2023-01-20T11:23:47+00:00","twitter_card":"summary_large_image","twitter_misc":{"Dur\u00e9e de lecture estim\u00e9e":"2 minutes"},"schema":{"@context":"https:\/\/schema.org","@graph":[{"@type":"WebPage","@id":"https:\/\/avs-advisors.com\/fr\/disclaimer\/","url":"https:\/\/avs-advisors.com\/fr\/disclaimer\/","name":"Disclaimer - AvS Advisors","isPartOf":{"@id":"https:\/\/avs-advisors.com\/#website"},"datePublished":"2016-06-06T10:52:09+00:00","dateModified":"2023-01-20T11:23:47+00:00","breadcrumb":{"@id":"https:\/\/avs-advisors.com\/fr\/disclaimer\/#breadcrumb"},"inLanguage":"fr-FR","potentialAction":[{"@type":"ReadAction","target":["https:\/\/avs-advisors.com\/fr\/disclaimer\/"]}]},{"@type":"BreadcrumbList","@id":"https:\/\/avs-advisors.com\/fr\/disclaimer\/#breadcrumb","itemListElement":[{"@type":"ListItem","position":1,"name":"Home","item":"https:\/\/avs-advisors.com\/fr\/bienvenue\/"},{"@type":"ListItem","position":2,"name":"Disclaimer"}]},{"@type":"WebSite","@id":"https:\/\/avs-advisors.com\/#website","url":"https:\/\/avs-advisors.com\/","name":"AvS Advisors","description":"Welcome","publisher":{"@id":"https:\/\/avs-advisors.com\/#organization"},"potentialAction":[{"@type":"SearchAction","target":{"@type":"EntryPoint","urlTemplate":"https:\/\/avs-advisors.com\/?s={search_term_string}"},"query-input":"required name=search_term_string"}],"inLanguage":"fr-FR"},{"@type":"Organization","@id":"https:\/\/avs-advisors.com\/#organization","name":"Andreas von Specht \u2013 International Trusted Advisors GmbH","url":"https:\/\/avs-advisors.com\/","logo":{"@type":"ImageObject","inLanguage":"fr-FR","@id":"https:\/\/avs-advisors.com\/#\/schema\/logo\/image\/","url":"https:\/\/avs-advisors.com\/wp-content\/uploads\/2023\/02\/AvS_Pantone_Gruen_003.svg","contentUrl":"https:\/\/avs-advisors.com\/wp-content\/uploads\/2023\/02\/AvS_Pantone_Gruen_003.svg","width":"1030","height":"1030","caption":"Andreas von Specht \u2013 International Trusted Advisors GmbH"},"image":{"@id":"https:\/\/avs-advisors.com\/#\/schema\/logo\/image\/"},"sameAs":["https:\/\/www.linkedin.com\/company\/2461737"]}]}},"_links":{"self":[{"href":"https:\/\/avs-advisors.com\/fr\/wp-json\/wp\/v2\/pages\/4766"}],"collection":[{"href":"https:\/\/avs-advisors.com\/fr\/wp-json\/wp\/v2\/pages"}],"about":[{"href":"https:\/\/avs-advisors.com\/fr\/wp-json\/wp\/v2\/types\/page"}],"author":[{"embeddable":true,"href":"https:\/\/avs-advisors.com\/fr\/wp-json\/wp\/v2\/users\/2"}],"replies":[{"embeddable":true,"href":"https:\/\/avs-advisors.com\/fr\/wp-json\/wp\/v2\/comments?post=4766"}],"version-history":[{"count":15,"href":"https:\/\/avs-advisors.com\/fr\/wp-json\/wp\/v2\/pages\/4766\/revisions"}],"predecessor-version":[{"id":12428,"href":"https:\/\/avs-advisors.com\/fr\/wp-json\/wp\/v2\/pages\/4766\/revisions\/12428"}],"wp:attachment":[{"href":"https:\/\/avs-advisors.com\/fr\/wp-json\/wp\/v2\/media?parent=4766"}],"curies":[{"name":"wp","href":"https:\/\/api.w.org\/{rel}","templated":true}]}}