{"id":4439,"date":"2016-03-29T12:14:58","date_gmt":"2016-03-29T10:14:58","guid":{"rendered":"http:\/\/avs-advisors.com\/advisory-services\/?lang=fr"},"modified":"2024-02-06T23:01:02","modified_gmt":"2024-02-06T22:01:02","slug":"services-alt","status":"publish","type":"page","link":"https:\/\/avs-advisors.com\/fr\/services-alt\/","title":{"rendered":"Services Old 2"},"content":{"rendered":"<div id='full_slider_1'  class='avia-fullwidth-slider main_color avia-shadow   avia-builder-el-0  el_before_av_heading  avia-builder-el-first   container_wrap sidebar_right'  ><div  class='avia-slideshow av-qy29or-1d0e3e527c33fc11ff3e42b1e2191cc9 avia-slideshow-featured av_slideshow_full avia-fade-slider av-slideshow-ui av-control-hidden av-no-slider-navigation av-hide-nav-arrows av-slideshow-autoplay av-loop-endless av-loop-manual-endless av-default-height-applied   avia-slideshow-1' data-slideshow-options=\"{&quot;animation&quot;:&quot;fade&quot;,&quot;autoplay&quot;:true,&quot;loop_autoplay&quot;:&quot;endless&quot;,&quot;interval&quot;:4,&quot;loop_manual&quot;:&quot;manual-endless&quot;,&quot;autoplay_stopper&quot;:false,&quot;noNavigation&quot;:true,&quot;bg_slider&quot;:false,&quot;keep_padding&quot;:false,&quot;hoverpause&quot;:false,&quot;show_slide_delay&quot;:0}\"  itemprop=\"image\" itemscope=\"itemscope\" itemtype=\"https:\/\/schema.org\/ImageObject\" ><ul class='avia-slideshow-inner ' style='padding-bottom: 28.666666666667%;'><li  class='avia-slideshow-slide av-qy29or-1d0e3e527c33fc11ff3e42b1e2191cc9__0  slide-1 slide-odd'><div data-rel='slideshow-1' class='avia-slide-wrap '   ><img decoding=\"async\" class=\"wp-image-6826 avia-img-lazy-loading-not-6826\"  src=\"https:\/\/avs-advisors.com\/wp-content\/uploads\/2018\/02\/AvS_Keyword_Slider_web_1.jpg\" width=\"1500\" height=\"430\" title='AvS_Keyword_Slider_web_1' alt=''  itemprop=\"thumbnailUrl\" srcset=\"https:\/\/avs-advisors.com\/wp-content\/uploads\/2018\/02\/AvS_Keyword_Slider_web_1.jpg 1500w, https:\/\/avs-advisors.com\/wp-content\/uploads\/2018\/02\/AvS_Keyword_Slider_web_1-300x86.jpg 300w, https:\/\/avs-advisors.com\/wp-content\/uploads\/2018\/02\/AvS_Keyword_Slider_web_1-768x220.jpg 768w, https:\/\/avs-advisors.com\/wp-content\/uploads\/2018\/02\/AvS_Keyword_Slider_web_1-1030x295.jpg 1030w, https:\/\/avs-advisors.com\/wp-content\/uploads\/2018\/02\/AvS_Keyword_Slider_web_1-705x202.jpg 705w, https:\/\/avs-advisors.com\/wp-content\/uploads\/2018\/02\/AvS_Keyword_Slider_web_1-450x129.jpg 450w\" sizes=\"(max-width: 1500px) 100vw, 1500px\" \/><\/div><\/li><li  class='avia-slideshow-slide av-qy29or-1d0e3e527c33fc11ff3e42b1e2191cc9__1  slide-2 slide-even'><div data-rel='slideshow-1' class='avia-slide-wrap '   ><img decoding=\"async\" class=\"wp-image-12937 avia-img-lazy-loading-not-12937\"  src=\"https:\/\/avs-advisors.com\/wp-content\/uploads\/2020\/09\/AvS\u2013International-Trusted-Advisors_1500x430_872.jpg\" width=\"1500\" height=\"430\" title='AvS\u2013International-Trusted-Advisors_1500x430_872' alt=''  itemprop=\"thumbnailUrl\" srcset=\"https:\/\/avs-advisors.com\/wp-content\/uploads\/2020\/09\/AvS\u2013International-Trusted-Advisors_1500x430_872.jpg 1500w, https:\/\/avs-advisors.com\/wp-content\/uploads\/2020\/09\/AvS\u2013International-Trusted-Advisors_1500x430_872-300x86.jpg 300w, https:\/\/avs-advisors.com\/wp-content\/uploads\/2020\/09\/AvS\u2013International-Trusted-Advisors_1500x430_872-1030x295.jpg 1030w, https:\/\/avs-advisors.com\/wp-content\/uploads\/2020\/09\/AvS\u2013International-Trusted-Advisors_1500x430_872-768x220.jpg 768w, https:\/\/avs-advisors.com\/wp-content\/uploads\/2020\/09\/AvS\u2013International-Trusted-Advisors_1500x430_872-705x202.jpg 705w, https:\/\/avs-advisors.com\/wp-content\/uploads\/2020\/09\/AvS\u2013International-Trusted-Advisors_1500x430_872-450x129.jpg 450w\" sizes=\"(max-width: 1500px) 100vw, 1500px\" \/><\/div><\/li><li  class='avia-slideshow-slide av-qy29or-1d0e3e527c33fc11ff3e42b1e2191cc9__2  slide-3 slide-odd'><div data-rel='slideshow-1' class='avia-slide-wrap '   ><img decoding=\"async\" class=\"wp-image-6830 avia-img-lazy-loading-not-6830\"  src=\"https:\/\/avs-advisors.com\/wp-content\/uploads\/2018\/02\/AvS_Keyword_Slider_web_2.jpg\" width=\"1500\" height=\"430\" title='AvS_Keyword_Slider_web_2' alt=''  itemprop=\"thumbnailUrl\" srcset=\"https:\/\/avs-advisors.com\/wp-content\/uploads\/2018\/02\/AvS_Keyword_Slider_web_2.jpg 1500w, https:\/\/avs-advisors.com\/wp-content\/uploads\/2018\/02\/AvS_Keyword_Slider_web_2-300x86.jpg 300w, https:\/\/avs-advisors.com\/wp-content\/uploads\/2018\/02\/AvS_Keyword_Slider_web_2-768x220.jpg 768w, https:\/\/avs-advisors.com\/wp-content\/uploads\/2018\/02\/AvS_Keyword_Slider_web_2-1030x295.jpg 1030w, https:\/\/avs-advisors.com\/wp-content\/uploads\/2018\/02\/AvS_Keyword_Slider_web_2-705x202.jpg 705w, https:\/\/avs-advisors.com\/wp-content\/uploads\/2018\/02\/AvS_Keyword_Slider_web_2-450x129.jpg 450w\" sizes=\"(max-width: 1500px) 100vw, 1500px\" \/><\/div><\/li><li  class='avia-slideshow-slide av-qy29or-1d0e3e527c33fc11ff3e42b1e2191cc9__3  slide-4 slide-even'><div data-rel='slideshow-1' class='avia-slide-wrap '   ><img decoding=\"async\" class=\"wp-image-12933 avia-img-lazy-loading-not-12933\"  src=\"https:\/\/avs-advisors.com\/wp-content\/uploads\/2020\/09\/AvS\u2013International-Trusted-Advisors_1500x430_827.jpg\" width=\"1500\" height=\"430\" title='AvS\u2013International-Trusted-Advisors_1500x430_827' alt=''  itemprop=\"thumbnailUrl\" srcset=\"https:\/\/avs-advisors.com\/wp-content\/uploads\/2020\/09\/AvS\u2013International-Trusted-Advisors_1500x430_827.jpg 1500w, https:\/\/avs-advisors.com\/wp-content\/uploads\/2020\/09\/AvS\u2013International-Trusted-Advisors_1500x430_827-300x86.jpg 300w, https:\/\/avs-advisors.com\/wp-content\/uploads\/2020\/09\/AvS\u2013International-Trusted-Advisors_1500x430_827-1030x295.jpg 1030w, https:\/\/avs-advisors.com\/wp-content\/uploads\/2020\/09\/AvS\u2013International-Trusted-Advisors_1500x430_827-768x220.jpg 768w, https:\/\/avs-advisors.com\/wp-content\/uploads\/2020\/09\/AvS\u2013International-Trusted-Advisors_1500x430_827-705x202.jpg 705w, https:\/\/avs-advisors.com\/wp-content\/uploads\/2020\/09\/AvS\u2013International-Trusted-Advisors_1500x430_827-450x129.jpg 450w\" sizes=\"(max-width: 1500px) 100vw, 1500px\" \/><\/div><\/li><li  class='avia-slideshow-slide av-qy29or-1d0e3e527c33fc11ff3e42b1e2191cc9__4  slide-5 slide-odd'><div data-rel='slideshow-1' class='avia-slide-wrap '   ><img decoding=\"async\" class=\"wp-image-6834 avia-img-lazy-loading-not-6834\"  src=\"https:\/\/avs-advisors.com\/wp-content\/uploads\/2018\/02\/AvS_Keyword_Slider_web_3.jpg\" width=\"1500\" height=\"430\" title='AvS_Keyword_Slider_web_3' alt=''  itemprop=\"thumbnailUrl\" srcset=\"https:\/\/avs-advisors.com\/wp-content\/uploads\/2018\/02\/AvS_Keyword_Slider_web_3.jpg 1500w, https:\/\/avs-advisors.com\/wp-content\/uploads\/2018\/02\/AvS_Keyword_Slider_web_3-300x86.jpg 300w, https:\/\/avs-advisors.com\/wp-content\/uploads\/2018\/02\/AvS_Keyword_Slider_web_3-768x220.jpg 768w, https:\/\/avs-advisors.com\/wp-content\/uploads\/2018\/02\/AvS_Keyword_Slider_web_3-1030x295.jpg 1030w, https:\/\/avs-advisors.com\/wp-content\/uploads\/2018\/02\/AvS_Keyword_Slider_web_3-705x202.jpg 705w, https:\/\/avs-advisors.com\/wp-content\/uploads\/2018\/02\/AvS_Keyword_Slider_web_3-450x129.jpg 450w\" sizes=\"(max-width: 1500px) 100vw, 1500px\" \/><\/div><\/li><li  class='avia-slideshow-slide av-qy29or-1d0e3e527c33fc11ff3e42b1e2191cc9__5  slide-6 slide-even'><div data-rel='slideshow-1' class='avia-slide-wrap '   ><img decoding=\"async\" class=\"wp-image-6558 avia-img-lazy-loading-not-6558\"  src=\"https:\/\/avs-advisors.com\/wp-content\/uploads\/2017\/09\/Logo-Cufflink-AvS-International-Trusted-Advisors.jpg\" width=\"1500\" height=\"430\" title='Logo-Cufflink-AvS-International-Trusted-Advisors' alt=''  itemprop=\"thumbnailUrl\" srcset=\"https:\/\/avs-advisors.com\/wp-content\/uploads\/2017\/09\/Logo-Cufflink-AvS-International-Trusted-Advisors.jpg 1500w, https:\/\/avs-advisors.com\/wp-content\/uploads\/2017\/09\/Logo-Cufflink-AvS-International-Trusted-Advisors-300x86.jpg 300w, https:\/\/avs-advisors.com\/wp-content\/uploads\/2017\/09\/Logo-Cufflink-AvS-International-Trusted-Advisors-768x220.jpg 768w, https:\/\/avs-advisors.com\/wp-content\/uploads\/2017\/09\/Logo-Cufflink-AvS-International-Trusted-Advisors-1030x295.jpg 1030w, https:\/\/avs-advisors.com\/wp-content\/uploads\/2017\/09\/Logo-Cufflink-AvS-International-Trusted-Advisors-705x202.jpg 705w, https:\/\/avs-advisors.com\/wp-content\/uploads\/2017\/09\/Logo-Cufflink-AvS-International-Trusted-Advisors-450x129.jpg 450w\" sizes=\"(max-width: 1500px) 100vw, 1500px\" \/><\/div><\/li><\/ul><div class='avia-slideshow-arrows avia-slideshow-controls' ><a href='#prev' class='prev-slide ' aria-hidden='true' data-av_icon='\ue87c' data-av_iconfont='entypo-fontello'  tabindex='-1'>Pr\u00e9c\u00e9dent<\/a><a href='#next' class='next-slide ' aria-hidden='true' data-av_icon='\ue87d' data-av_iconfont='entypo-fontello'  tabindex='-1'>Suivant<\/a><\/div><\/div><\/div><div id='after_full_slider_1'  class='main_color av_default_container_wrap container_wrap sidebar_right'  ><div class='container av-section-cont-open' ><div class='template-page content  av-content-small alpha units'><div class='post-entry post-entry-type-page post-entry-4439'><div class='entry-content-wrapper clearfix'>\n\n<style type=\"text\/css\" data-created_by=\"avia_inline_auto\" id=\"style-css-av-av_heading-40e7ff2a2cd36e8d7c78e30c87ed9bc7\">\n#top .av-special-heading.av-av_heading-40e7ff2a2cd36e8d7c78e30c87ed9bc7{\npadding-bottom:10px;\n}\nbody .av-special-heading.av-av_heading-40e7ff2a2cd36e8d7c78e30c87ed9bc7 .av-special-heading-tag .heading-char{\nfont-size:25px;\n}\n.av-special-heading.av-av_heading-40e7ff2a2cd36e8d7c78e30c87ed9bc7 .av-subheading{\nfont-size:15px;\n}\n<\/style>\n<div  class='av-special-heading av-av_heading-40e7ff2a2cd36e8d7c78e30c87ed9bc7 av-special-heading-h2 blockquote modern-quote  avia-builder-el-1  el_after_av_slideshow_full  el_before_av_textblock  avia-builder-el-first '><h2 class='av-special-heading-tag'  itemprop=\"headline\"  >Conseil de gouvernance et gestion<\/h2><div class=\"special-heading-border\"><div class=\"special-heading-inner-border\"><\/div><\/div><\/div>\n<section  class='av_textblock_section av-euv2fr-6e99f2cdd7590aade6ba126ada24f46e'  itemscope=\"itemscope\" itemtype=\"https:\/\/schema.org\/CreativeWork\" ><div class='avia_textblock'  itemprop=\"text\" ><p>Nous conseillons les hauts dirigeants de soci\u00e9t\u00e9s priv\u00e9es dans les domaines fondamentaux que sont la gouvernance et la gestion d\u2019entreprise.<\/p>\n<p>La plupart de nos clients sont des propri\u00e9taires, des membres du conseil d\u2019administration ou des chefs d\u2019entreprises qui sont dirig\u00e9es par un nombre restreint de personnes.<\/p>\n<p>Il s&rsquo;agit souvent d\u2019entreprises familiales ou bien de soci\u00e9t\u00e9s cot\u00e9es en bourse mais qui restent fortement influenc\u00e9es par une famille ou bien par un groupe individuel d\u2019actionnaires.<\/p>\n<\/div><\/section>\n\n<style type=\"text\/css\" data-created_by=\"avia_inline_auto\" id=\"style-css-av-cadlbr-e7b8397d15c840baaf09c4f89aa93c15\">\n#top .hr.hr-invisible.av-cadlbr-e7b8397d15c840baaf09c4f89aa93c15{\nheight:20px;\n}\n<\/style>\n<div  class='hr av-cadlbr-e7b8397d15c840baaf09c4f89aa93c15 hr-invisible  avia-builder-el-3  el_after_av_textblock  el_before_av_one_half '><span class='hr-inner '><span class=\"hr-inner-style\"><\/span><\/span><\/div>\n<div class='flex_column_table av-64ieqv-49dd145bb7212e9d51a4ddb2c3220e10 sc-av_one_half av-equal-height-column-flextable'>\n<style type=\"text\/css\" data-created_by=\"avia_inline_auto\" id=\"style-css-av-64ieqv-49dd145bb7212e9d51a4ddb2c3220e10\">\n.flex_column.av-64ieqv-49dd145bb7212e9d51a4ddb2c3220e10{\nborder-width:1px;\nborder-color:#dddddd;\nborder-style:solid;\n-webkit-border-radius:0px 0px 0px 0px;\n-moz-border-radius:0px 0px 0px 0px;\nborder-radius:0px 0px 0px 0px;\npadding:25px 25px 25px 25px;\nbackground-color:#fcfaef;\n}\n<\/style>\n<div class='flex_column av-64ieqv-49dd145bb7212e9d51a4ddb2c3220e10 av_one_half  avia-builder-el-4  el_after_av_hr  el_before_av_one_half  first flex_column_table_cell av-equal-height-column av-align-top '     ><p>\n<style type=\"text\/css\" data-created_by=\"avia_inline_auto\" id=\"style-css-av-3n6quv-fba1a77dfc2404e2cc898e8f397e606c\">\n#top .av-special-heading.av-3n6quv-fba1a77dfc2404e2cc898e8f397e606c{\npadding-bottom:21px;\n}\nbody .av-special-heading.av-3n6quv-fba1a77dfc2404e2cc898e8f397e606c .av-special-heading-tag .heading-char{\nfont-size:25px;\n}\n.av-special-heading.av-3n6quv-fba1a77dfc2404e2cc898e8f397e606c .av-subheading{\nfont-size:15px;\n}\n<\/style>\n<div  class='av-special-heading av-3n6quv-fba1a77dfc2404e2cc898e8f397e606c av-special-heading-h2  avia-builder-el-5  el_before_av_textblock  avia-builder-el-first '><h2 class='av-special-heading-tag'  itemprop=\"headline\"  >Gestion<\/h2><div class=\"special-heading-border\"><div class=\"special-heading-inner-border\"><\/div><\/div><\/div><br \/>\n<section  class='av_textblock_section av-25kvjr-1beb357a39b772762c27d09024af04d8'  itemscope=\"itemscope\" itemtype=\"https:\/\/schema.org\/CreativeWork\" ><div class='avia_textblock'  itemprop=\"text\" ><p><strong>Recrutement de cadres dirigeants, \u00e9valuation et int\u00e9gration de dirigeants d\u2019entreprise.<\/strong><\/p>\n<p>L\u2019identification, la s\u00e9lection et l\u2019\u00e9valuation des cadres dirigeants les plus talentueux est un long processus d\u00e9licat qui repr\u00e9sente souvent un tr\u00e8s grand d\u00e9fi pour un dirigeant d\u2019entreprise ou un conseil de surveillance. Une part importante de notre travail consiste \u00e0 assister nos clients \u00e0 g\u00e9rer cette transition le mieux possible et \u00e0 placer les personnes les plus qualifi\u00e9es aux postes-cl\u00e9. Nous aidons \u00e0 d\u00e9finir les crit\u00e8res de s\u00e9lection des dirigeants de niveau C et membres du conseil, nous identifions et \u00e9valuons les candidats et nous assistons nos clients dans les processus de s\u00e9lection, de recrutement et d\u2019int\u00e9gration de nouveaux dirigeants.<\/p>\n<ul>\n<li>Succession de dirigeants d\u2019entreprise<\/li>\n<li>Recrutement de cadres dirigeants<\/li>\n<li>Recrutement de membres du conseil<\/li>\n<li>Support actif du processus d\u2019int\u00e9gration<\/li>\n<li>Accompagnement individuel des membres du conseil et des dirigeants<\/li>\n<\/ul>\n<p><strong>Evaluation de la performance des conseils et des dirigeants<\/strong><\/p>\n<p>Nous aidons nos clients \u00e0 \u00e9valuer les conseils, les \u00e9quipes de management ainsi que les cadres dirigeants afin d\u2019identifier les personnes talentueuses et indispensables \u00e0 la r\u00e9ussite future de l\u2019entreprise.<\/p>\n<ul>\n<li>Analyse du potentiel manag\u00e9rial (\u00ab\u00a0APM\u00a0\u00bb)<\/li>\n<li>\u00c9valuation et professionnalisation des conseils<\/li>\n<\/ul>\n<\/div><\/section><\/p><\/div>\n<div class='av-flex-placeholder'><\/div>\n<style type=\"text\/css\" data-created_by=\"avia_inline_auto\" id=\"style-css-av-a7c48n-9c86b101393f3c66daac513784b19778\">\n.flex_column.av-a7c48n-9c86b101393f3c66daac513784b19778{\nborder-width:1px;\nborder-color:#dddddd;\nborder-style:solid;\n-webkit-border-radius:0px 0px 0px 0px;\n-moz-border-radius:0px 0px 0px 0px;\nborder-radius:0px 0px 0px 0px;\npadding:25px 25px 25px 25px;\nbackground-color:#fcfaef;\n}\n<\/style>\n<div class='flex_column av-a7c48n-9c86b101393f3c66daac513784b19778 av_one_half  avia-builder-el-7  el_after_av_one_half  avia-builder-el-last  flex_column_table_cell av-equal-height-column av-align-top '     ><p>\n<style type=\"text\/css\" data-created_by=\"avia_inline_auto\" id=\"style-css-av-9nx67b-7812e5ab2b95f7e37a0ea74a09b2e0f2\">\n#top .av-special-heading.av-9nx67b-7812e5ab2b95f7e37a0ea74a09b2e0f2{\npadding-bottom:21px;\n}\nbody .av-special-heading.av-9nx67b-7812e5ab2b95f7e37a0ea74a09b2e0f2 .av-special-heading-tag .heading-char{\nfont-size:25px;\n}\n.av-special-heading.av-9nx67b-7812e5ab2b95f7e37a0ea74a09b2e0f2 .av-subheading{\nfont-size:15px;\n}\n<\/style>\n<div  class='av-special-heading av-9nx67b-7812e5ab2b95f7e37a0ea74a09b2e0f2 av-special-heading-h2  avia-builder-el-8  el_before_av_textblock  avia-builder-el-first '><h2 class='av-special-heading-tag'  itemprop=\"headline\"  >Gouvernance<\/h2><div class=\"special-heading-border\"><div class=\"special-heading-inner-border\"><\/div><\/div><\/div><br \/>\n<section  class='av_textblock_section av-7a291z-45d6fb42fc84c8ddc7418b883d046d4f'  itemscope=\"itemscope\" itemtype=\"https:\/\/schema.org\/CreativeWork\" ><div class='avia_textblock'  itemprop=\"text\" ><p><strong>Conseils sur les structures de gouvernance<\/strong><\/p>\n<p>Une grande partie de notre travail consiste \u00e0 concevoir et \u00e0 assurer la mise en place de structures de gouvernance d\u2019entreprises \u00e0 contr\u00f4le restreint. Nos consultants s\u2019appuient sur leur tr\u00e8s grande exp\u00e9rience dans le domaine de la cr\u00e9ation et du fonctionnement de syst\u00e8mes de gouvernance familiale et d\u2019entreprise. Notre r\u00f4le est d\u2019analyser les structures actuelles et de proposer des modifications ou des ajouts et, ce qui est souvent plus d\u00e9licat, d\u2019aider les propri\u00e9taires et les associ\u00e9s \u00e0 s\u2019entendre sur la meilleure strat\u00e9gie pour diriger leur entreprise.<\/p>\n<ul>\n<li>Structures de gouvernance d\u2019entreprise<\/li>\n<li>Constitution familiale<\/li>\n<li>Alignement des int\u00e9r\u00eats des groupes d\u2019actionnaires<\/li>\n<\/ul>\n<p><strong>Strat\u00e9gie du propri\u00e9taire, planification de la succession et m\u00e9diation<\/strong><\/p>\n<p>Nous aidons nos clients, par une strat\u00e9gie d\u00e9taill\u00e9e, \u00e0 d\u00e9velopper et d\u00e9finir la nature des principes fondamentaux et r\u00e8gles n\u00e9cessaires \u00e0 une gouvernance claire et durable. Pour qu\u2019une structure de gouvernance soit accept\u00e9e et fonctionne parfaitement sur une tr\u00e8s longue p\u00e9riode, il faut mettre en place une s\u00e9rie d\u2019objectifs strat\u00e9giques et de principes fondamentaux. Nous sommes souvent amen\u00e9s \u00e0 aider un groupe d\u2019associ\u00e9s \u00e0 se mettre d\u2019accord pour d\u00e9finir les aspects fondamentaux de l\u2019entreprise et choisir la direction qu\u2019elle doit prendre. Il peut s\u2019agir de la mise en place d\u2019une succession en douceur au sein de la direction de l\u2019entreprise, en abordant les divergences sous-jacentes ou profondes entre les associ\u00e9s, ou bien d\u2019un travail de m\u00e9diation permettant de r\u00e9soudre les conflits entre actionnaires.<\/p>\n<ul>\n<li>Principes fondamentaux et \u00ab r\u00e8gles du jeu \u00bb<\/li>\n<li>Identit\u00e9 familiale\/ d\u00e9finition des valeurs et des projets communs<\/li>\n<li>Planification et mise en place d\u2019une succession au sein de la direction<\/li>\n<li>Pr\u00e9paration et formation de la prochaine g\u00e9n\u00e9ration<\/li>\n<li>Gestion des conflits\/ r\u00e9solution des conflits \/ m\u00e9diation entre actionnaires<\/li>\n<\/ul>\n<\/div><\/section><\/p><\/div><\/div><!--close column table wrapper. Autoclose: 1 -->\n","protected":false},"excerpt":{"rendered":"","protected":false},"author":1,"featured_media":0,"parent":0,"menu_order":0,"comment_status":"closed","ping_status":"closed","template":"","meta":{"inline_featured_image":false,"footnotes":""},"yoast_head":"<!-- This site is optimized with the Yoast SEO plugin v21.6 - https:\/\/yoast.com\/wordpress\/plugins\/seo\/ -->\n<title>Services Old 2 - AvS Advisors<\/title>\n<meta name=\"robots\" content=\"index, follow, max-snippet:-1, max-image-preview:large, max-video-preview:-1\" \/>\n<link rel=\"canonical\" href=\"https:\/\/avs-advisors.com\/fr\/services-alt\/\" \/>\n<meta property=\"og:locale\" content=\"fr_FR\" \/>\n<meta property=\"og:type\" content=\"article\" \/>\n<meta property=\"og:title\" content=\"Services Old 2 - AvS Advisors\" \/>\n<meta property=\"og:url\" content=\"https:\/\/avs-advisors.com\/fr\/services-alt\/\" \/>\n<meta property=\"og:site_name\" content=\"AvS Advisors\" \/>\n<meta property=\"article:modified_time\" content=\"2024-02-06T22:01:02+00:00\" \/>\n<meta name=\"twitter:card\" content=\"summary_large_image\" \/>\n<meta name=\"twitter:label1\" content=\"Dur\u00e9e de lecture estim\u00e9e\" \/>\n\t<meta name=\"twitter:data1\" content=\"9 minutes\" \/>\n<script type=\"application\/ld+json\" class=\"yoast-schema-graph\">{\"@context\":\"https:\/\/schema.org\",\"@graph\":[{\"@type\":\"WebPage\",\"@id\":\"https:\/\/avs-advisors.com\/fr\/services-alt\/\",\"url\":\"https:\/\/avs-advisors.com\/fr\/services-alt\/\",\"name\":\"Services Old 2 - AvS Advisors\",\"isPartOf\":{\"@id\":\"https:\/\/avs-advisors.com\/#website\"},\"datePublished\":\"2016-03-29T10:14:58+00:00\",\"dateModified\":\"2024-02-06T22:01:02+00:00\",\"breadcrumb\":{\"@id\":\"https:\/\/avs-advisors.com\/fr\/services-alt\/#breadcrumb\"},\"inLanguage\":\"fr-FR\",\"potentialAction\":[{\"@type\":\"ReadAction\",\"target\":[\"https:\/\/avs-advisors.com\/fr\/services-alt\/\"]}]},{\"@type\":\"BreadcrumbList\",\"@id\":\"https:\/\/avs-advisors.com\/fr\/services-alt\/#breadcrumb\",\"itemListElement\":[{\"@type\":\"ListItem\",\"position\":1,\"name\":\"Home\",\"item\":\"https:\/\/avs-advisors.com\/fr\/bienvenue\/\"},{\"@type\":\"ListItem\",\"position\":2,\"name\":\"Services Old 2\"}]},{\"@type\":\"WebSite\",\"@id\":\"https:\/\/avs-advisors.com\/#website\",\"url\":\"https:\/\/avs-advisors.com\/\",\"name\":\"AvS Advisors\",\"description\":\"Welcome\",\"publisher\":{\"@id\":\"https:\/\/avs-advisors.com\/#organization\"},\"potentialAction\":[{\"@type\":\"SearchAction\",\"target\":{\"@type\":\"EntryPoint\",\"urlTemplate\":\"https:\/\/avs-advisors.com\/?s={search_term_string}\"},\"query-input\":\"required name=search_term_string\"}],\"inLanguage\":\"fr-FR\"},{\"@type\":\"Organization\",\"@id\":\"https:\/\/avs-advisors.com\/#organization\",\"name\":\"Andreas von Specht \u2013 International Trusted Advisors GmbH\",\"url\":\"https:\/\/avs-advisors.com\/\",\"logo\":{\"@type\":\"ImageObject\",\"inLanguage\":\"fr-FR\",\"@id\":\"https:\/\/avs-advisors.com\/#\/schema\/logo\/image\/\",\"url\":\"https:\/\/avs-advisors.com\/wp-content\/uploads\/2023\/02\/AvS_Pantone_Gruen_003.svg\",\"contentUrl\":\"https:\/\/avs-advisors.com\/wp-content\/uploads\/2023\/02\/AvS_Pantone_Gruen_003.svg\",\"width\":\"1030\",\"height\":\"1030\",\"caption\":\"Andreas von Specht \u2013 International Trusted Advisors GmbH\"},\"image\":{\"@id\":\"https:\/\/avs-advisors.com\/#\/schema\/logo\/image\/\"},\"sameAs\":[\"https:\/\/www.linkedin.com\/company\/2461737\"]}]}<\/script>\n<!-- \/ Yoast SEO plugin. -->","yoast_head_json":{"title":"Services Old 2 - AvS Advisors","robots":{"index":"index","follow":"follow","max-snippet":"max-snippet:-1","max-image-preview":"max-image-preview:large","max-video-preview":"max-video-preview:-1"},"canonical":"https:\/\/avs-advisors.com\/fr\/services-alt\/","og_locale":"fr_FR","og_type":"article","og_title":"Services Old 2 - AvS Advisors","og_url":"https:\/\/avs-advisors.com\/fr\/services-alt\/","og_site_name":"AvS Advisors","article_modified_time":"2024-02-06T22:01:02+00:00","twitter_card":"summary_large_image","twitter_misc":{"Dur\u00e9e de lecture estim\u00e9e":"9 minutes"},"schema":{"@context":"https:\/\/schema.org","@graph":[{"@type":"WebPage","@id":"https:\/\/avs-advisors.com\/fr\/services-alt\/","url":"https:\/\/avs-advisors.com\/fr\/services-alt\/","name":"Services Old 2 - AvS Advisors","isPartOf":{"@id":"https:\/\/avs-advisors.com\/#website"},"datePublished":"2016-03-29T10:14:58+00:00","dateModified":"2024-02-06T22:01:02+00:00","breadcrumb":{"@id":"https:\/\/avs-advisors.com\/fr\/services-alt\/#breadcrumb"},"inLanguage":"fr-FR","potentialAction":[{"@type":"ReadAction","target":["https:\/\/avs-advisors.com\/fr\/services-alt\/"]}]},{"@type":"BreadcrumbList","@id":"https:\/\/avs-advisors.com\/fr\/services-alt\/#breadcrumb","itemListElement":[{"@type":"ListItem","position":1,"name":"Home","item":"https:\/\/avs-advisors.com\/fr\/bienvenue\/"},{"@type":"ListItem","position":2,"name":"Services Old 2"}]},{"@type":"WebSite","@id":"https:\/\/avs-advisors.com\/#website","url":"https:\/\/avs-advisors.com\/","name":"AvS Advisors","description":"Welcome","publisher":{"@id":"https:\/\/avs-advisors.com\/#organization"},"potentialAction":[{"@type":"SearchAction","target":{"@type":"EntryPoint","urlTemplate":"https:\/\/avs-advisors.com\/?s={search_term_string}"},"query-input":"required name=search_term_string"}],"inLanguage":"fr-FR"},{"@type":"Organization","@id":"https:\/\/avs-advisors.com\/#organization","name":"Andreas von Specht \u2013 International Trusted Advisors GmbH","url":"https:\/\/avs-advisors.com\/","logo":{"@type":"ImageObject","inLanguage":"fr-FR","@id":"https:\/\/avs-advisors.com\/#\/schema\/logo\/image\/","url":"https:\/\/avs-advisors.com\/wp-content\/uploads\/2023\/02\/AvS_Pantone_Gruen_003.svg","contentUrl":"https:\/\/avs-advisors.com\/wp-content\/uploads\/2023\/02\/AvS_Pantone_Gruen_003.svg","width":"1030","height":"1030","caption":"Andreas von Specht \u2013 International Trusted Advisors GmbH"},"image":{"@id":"https:\/\/avs-advisors.com\/#\/schema\/logo\/image\/"},"sameAs":["https:\/\/www.linkedin.com\/company\/2461737"]}]}},"_links":{"self":[{"href":"https:\/\/avs-advisors.com\/fr\/wp-json\/wp\/v2\/pages\/4439"}],"collection":[{"href":"https:\/\/avs-advisors.com\/fr\/wp-json\/wp\/v2\/pages"}],"about":[{"href":"https:\/\/avs-advisors.com\/fr\/wp-json\/wp\/v2\/types\/page"}],"author":[{"embeddable":true,"href":"https:\/\/avs-advisors.com\/fr\/wp-json\/wp\/v2\/users\/1"}],"replies":[{"embeddable":true,"href":"https:\/\/avs-advisors.com\/fr\/wp-json\/wp\/v2\/comments?post=4439"}],"version-history":[{"count":19,"href":"https:\/\/avs-advisors.com\/fr\/wp-json\/wp\/v2\/pages\/4439\/revisions"}],"predecessor-version":[{"id":20359,"href":"https:\/\/avs-advisors.com\/fr\/wp-json\/wp\/v2\/pages\/4439\/revisions\/20359"}],"wp:attachment":[{"href":"https:\/\/avs-advisors.com\/fr\/wp-json\/wp\/v2\/media?parent=4439"}],"curies":[{"name":"wp","href":"https:\/\/api.w.org\/{rel}","templated":true}]}}