{"id":4441,"date":"2016-03-29T12:14:58","date_gmt":"2016-03-29T10:14:58","guid":{"rendered":"http:\/\/avs-advisors.com\/advisory-services\/?lang=es"},"modified":"2021-09-28T17:55:43","modified_gmt":"2021-09-28T15:55:43","slug":"servicios-alt","status":"publish","type":"page","link":"https:\/\/avs-advisors.com\/es\/servicios-alt\/","title":{"rendered":"Servicios"},"content":{"rendered":"<div id='full_slider_1'  class='avia-fullwidth-slider main_color avia-shadow   avia-builder-el-0  el_before_av_heading  avia-builder-el-first   container_wrap sidebar_right'  ><div  class='avia-slideshow av-qy29or-1d0e3e527c33fc11ff3e42b1e2191cc9 avia-slideshow-featured av_slideshow_full avia-fade-slider av-slideshow-ui av-control-hidden av-no-slider-navigation av-hide-nav-arrows av-slideshow-autoplay av-loop-endless av-loop-manual-endless av-default-height-applied   avia-slideshow-1' data-slideshow-options=\"{&quot;animation&quot;:&quot;fade&quot;,&quot;autoplay&quot;:true,&quot;loop_autoplay&quot;:&quot;endless&quot;,&quot;interval&quot;:4,&quot;loop_manual&quot;:&quot;manual-endless&quot;,&quot;autoplay_stopper&quot;:false,&quot;noNavigation&quot;:true,&quot;bg_slider&quot;:false,&quot;keep_padding&quot;:false,&quot;hoverpause&quot;:false,&quot;show_slide_delay&quot;:0}\"  itemprop=\"image\" itemscope=\"itemscope\" itemtype=\"https:\/\/schema.org\/ImageObject\" ><ul class='avia-slideshow-inner ' style='padding-bottom: 28.666666666667%;'><li  class='avia-slideshow-slide av-qy29or-1d0e3e527c33fc11ff3e42b1e2191cc9__0  slide-1 slide-odd'><div data-rel='slideshow-1' class='avia-slide-wrap '   ><img decoding=\"async\" class=\"wp-image-6828 avia-img-lazy-loading-not-6828\"  src=\"https:\/\/avs-advisors.com\/wp-content\/uploads\/2018\/02\/AvS_Keyword_Slider_web_1.jpg\" width=\"1500\" height=\"430\" title='AvS_Keyword_Slider_web_1' alt=''  itemprop=\"thumbnailUrl\" srcset=\"https:\/\/avs-advisors.com\/wp-content\/uploads\/2018\/02\/AvS_Keyword_Slider_web_1.jpg 1500w, https:\/\/avs-advisors.com\/wp-content\/uploads\/2018\/02\/AvS_Keyword_Slider_web_1-300x86.jpg 300w, https:\/\/avs-advisors.com\/wp-content\/uploads\/2018\/02\/AvS_Keyword_Slider_web_1-768x220.jpg 768w, https:\/\/avs-advisors.com\/wp-content\/uploads\/2018\/02\/AvS_Keyword_Slider_web_1-1030x295.jpg 1030w, https:\/\/avs-advisors.com\/wp-content\/uploads\/2018\/02\/AvS_Keyword_Slider_web_1-705x202.jpg 705w, https:\/\/avs-advisors.com\/wp-content\/uploads\/2018\/02\/AvS_Keyword_Slider_web_1-450x129.jpg 450w\" sizes=\"(max-width: 1500px) 100vw, 1500px\" \/><\/div><\/li><li  class='avia-slideshow-slide av-qy29or-1d0e3e527c33fc11ff3e42b1e2191cc9__1  slide-2 slide-even'><div data-rel='slideshow-1' class='avia-slide-wrap '   ><img decoding=\"async\" class=\"wp-image-12938 avia-img-lazy-loading-not-12938\"  src=\"https:\/\/avs-advisors.com\/wp-content\/uploads\/2020\/09\/AvS\u2013International-Trusted-Advisors_1500x430_872.jpg\" width=\"1500\" height=\"430\" title='AvS\u2013International-Trusted-Advisors_1500x430_872' alt=''  itemprop=\"thumbnailUrl\" srcset=\"https:\/\/avs-advisors.com\/wp-content\/uploads\/2020\/09\/AvS\u2013International-Trusted-Advisors_1500x430_872.jpg 1500w, https:\/\/avs-advisors.com\/wp-content\/uploads\/2020\/09\/AvS\u2013International-Trusted-Advisors_1500x430_872-300x86.jpg 300w, https:\/\/avs-advisors.com\/wp-content\/uploads\/2020\/09\/AvS\u2013International-Trusted-Advisors_1500x430_872-1030x295.jpg 1030w, https:\/\/avs-advisors.com\/wp-content\/uploads\/2020\/09\/AvS\u2013International-Trusted-Advisors_1500x430_872-768x220.jpg 768w, https:\/\/avs-advisors.com\/wp-content\/uploads\/2020\/09\/AvS\u2013International-Trusted-Advisors_1500x430_872-705x202.jpg 705w, https:\/\/avs-advisors.com\/wp-content\/uploads\/2020\/09\/AvS\u2013International-Trusted-Advisors_1500x430_872-450x129.jpg 450w\" sizes=\"(max-width: 1500px) 100vw, 1500px\" \/><\/div><\/li><li  class='avia-slideshow-slide av-qy29or-1d0e3e527c33fc11ff3e42b1e2191cc9__2  slide-3 slide-odd'><div data-rel='slideshow-1' class='avia-slide-wrap '   ><img decoding=\"async\" class=\"wp-image-6832 avia-img-lazy-loading-not-6832\"  src=\"https:\/\/avs-advisors.com\/wp-content\/uploads\/2018\/02\/AvS_Keyword_Slider_web_2.jpg\" width=\"1500\" height=\"430\" title='AvS_Keyword_Slider_web_2' alt=''  itemprop=\"thumbnailUrl\" srcset=\"https:\/\/avs-advisors.com\/wp-content\/uploads\/2018\/02\/AvS_Keyword_Slider_web_2.jpg 1500w, https:\/\/avs-advisors.com\/wp-content\/uploads\/2018\/02\/AvS_Keyword_Slider_web_2-300x86.jpg 300w, https:\/\/avs-advisors.com\/wp-content\/uploads\/2018\/02\/AvS_Keyword_Slider_web_2-768x220.jpg 768w, https:\/\/avs-advisors.com\/wp-content\/uploads\/2018\/02\/AvS_Keyword_Slider_web_2-1030x295.jpg 1030w, https:\/\/avs-advisors.com\/wp-content\/uploads\/2018\/02\/AvS_Keyword_Slider_web_2-705x202.jpg 705w, https:\/\/avs-advisors.com\/wp-content\/uploads\/2018\/02\/AvS_Keyword_Slider_web_2-450x129.jpg 450w\" sizes=\"(max-width: 1500px) 100vw, 1500px\" \/><\/div><\/li><li  class='avia-slideshow-slide av-qy29or-1d0e3e527c33fc11ff3e42b1e2191cc9__3  slide-4 slide-even'><div data-rel='slideshow-1' class='avia-slide-wrap '   ><img decoding=\"async\" class=\"wp-image-12934 avia-img-lazy-loading-not-12934\"  src=\"https:\/\/avs-advisors.com\/wp-content\/uploads\/2020\/09\/AvS\u2013International-Trusted-Advisors_1500x430_827.jpg\" width=\"1500\" height=\"430\" title='AvS\u2013International-Trusted-Advisors_1500x430_827' alt=''  itemprop=\"thumbnailUrl\" srcset=\"https:\/\/avs-advisors.com\/wp-content\/uploads\/2020\/09\/AvS\u2013International-Trusted-Advisors_1500x430_827.jpg 1500w, https:\/\/avs-advisors.com\/wp-content\/uploads\/2020\/09\/AvS\u2013International-Trusted-Advisors_1500x430_827-300x86.jpg 300w, https:\/\/avs-advisors.com\/wp-content\/uploads\/2020\/09\/AvS\u2013International-Trusted-Advisors_1500x430_827-1030x295.jpg 1030w, https:\/\/avs-advisors.com\/wp-content\/uploads\/2020\/09\/AvS\u2013International-Trusted-Advisors_1500x430_827-768x220.jpg 768w, https:\/\/avs-advisors.com\/wp-content\/uploads\/2020\/09\/AvS\u2013International-Trusted-Advisors_1500x430_827-705x202.jpg 705w, https:\/\/avs-advisors.com\/wp-content\/uploads\/2020\/09\/AvS\u2013International-Trusted-Advisors_1500x430_827-450x129.jpg 450w\" sizes=\"(max-width: 1500px) 100vw, 1500px\" \/><\/div><\/li><li  class='avia-slideshow-slide av-qy29or-1d0e3e527c33fc11ff3e42b1e2191cc9__4  slide-5 slide-odd'><div data-rel='slideshow-1' class='avia-slide-wrap '   ><img decoding=\"async\" class=\"wp-image-6836 avia-img-lazy-loading-not-6836\"  src=\"https:\/\/avs-advisors.com\/wp-content\/uploads\/2018\/02\/AvS_Keyword_Slider_web_3.jpg\" width=\"1500\" height=\"430\" title='AvS_Keyword_Slider_web_3' alt=''  itemprop=\"thumbnailUrl\" srcset=\"https:\/\/avs-advisors.com\/wp-content\/uploads\/2018\/02\/AvS_Keyword_Slider_web_3.jpg 1500w, https:\/\/avs-advisors.com\/wp-content\/uploads\/2018\/02\/AvS_Keyword_Slider_web_3-300x86.jpg 300w, https:\/\/avs-advisors.com\/wp-content\/uploads\/2018\/02\/AvS_Keyword_Slider_web_3-768x220.jpg 768w, https:\/\/avs-advisors.com\/wp-content\/uploads\/2018\/02\/AvS_Keyword_Slider_web_3-1030x295.jpg 1030w, https:\/\/avs-advisors.com\/wp-content\/uploads\/2018\/02\/AvS_Keyword_Slider_web_3-705x202.jpg 705w, https:\/\/avs-advisors.com\/wp-content\/uploads\/2018\/02\/AvS_Keyword_Slider_web_3-450x129.jpg 450w\" sizes=\"(max-width: 1500px) 100vw, 1500px\" \/><\/div><\/li><li  class='avia-slideshow-slide av-qy29or-1d0e3e527c33fc11ff3e42b1e2191cc9__5  slide-6 slide-even'><div data-rel='slideshow-1' class='avia-slide-wrap '   ><img decoding=\"async\" class=\"wp-image-6559 avia-img-lazy-loading-not-6559\"  src=\"https:\/\/avs-advisors.com\/wp-content\/uploads\/2017\/09\/Logo-Cufflink-AvS-International-Trusted-Advisors.jpg\" width=\"1500\" height=\"430\" title='Logo-Cufflink-AvS-International-Trusted-Advisors' alt=''  itemprop=\"thumbnailUrl\" srcset=\"https:\/\/avs-advisors.com\/wp-content\/uploads\/2017\/09\/Logo-Cufflink-AvS-International-Trusted-Advisors.jpg 1500w, https:\/\/avs-advisors.com\/wp-content\/uploads\/2017\/09\/Logo-Cufflink-AvS-International-Trusted-Advisors-300x86.jpg 300w, https:\/\/avs-advisors.com\/wp-content\/uploads\/2017\/09\/Logo-Cufflink-AvS-International-Trusted-Advisors-768x220.jpg 768w, https:\/\/avs-advisors.com\/wp-content\/uploads\/2017\/09\/Logo-Cufflink-AvS-International-Trusted-Advisors-1030x295.jpg 1030w, https:\/\/avs-advisors.com\/wp-content\/uploads\/2017\/09\/Logo-Cufflink-AvS-International-Trusted-Advisors-705x202.jpg 705w, https:\/\/avs-advisors.com\/wp-content\/uploads\/2017\/09\/Logo-Cufflink-AvS-International-Trusted-Advisors-450x129.jpg 450w\" sizes=\"(max-width: 1500px) 100vw, 1500px\" \/><\/div><\/li><\/ul><div class='avia-slideshow-arrows avia-slideshow-controls' ><a href='#prev' class='prev-slide ' aria-hidden='true' data-av_icon='\ue87c' data-av_iconfont='entypo-fontello'  tabindex='-1'>Previous<\/a><a href='#next' class='next-slide ' aria-hidden='true' data-av_icon='\ue87d' data-av_iconfont='entypo-fontello'  tabindex='-1'>Next<\/a><\/div><\/div><\/div><div id='after_full_slider_1'  class='main_color av_default_container_wrap container_wrap sidebar_right'  ><div class='container av-section-cont-open' ><div class='template-page content  av-content-small alpha units'><div class='post-entry post-entry-type-page post-entry-4441'><div class='entry-content-wrapper clearfix'>\n\n<style type=\"text\/css\" data-created_by=\"avia_inline_auto\" id=\"style-css-av-av_heading-929347403004414961cbe769b9a6c151\">\n#top .av-special-heading.av-av_heading-929347403004414961cbe769b9a6c151{\npadding-bottom:10px;\n}\nbody .av-special-heading.av-av_heading-929347403004414961cbe769b9a6c151 .av-special-heading-tag .heading-char{\nfont-size:25px;\n}\n.av-special-heading.av-av_heading-929347403004414961cbe769b9a6c151 .av-subheading{\nfont-size:15px;\n}\n<\/style>\n<div  class='av-special-heading av-av_heading-929347403004414961cbe769b9a6c151 av-special-heading-h2 blockquote modern-quote  avia-builder-el-1  el_after_av_slideshow_full  el_before_av_textblock  avia-builder-el-first '><h2 class='av-special-heading-tag'  itemprop=\"headline\"  >Asesor\u00eda en Gobierno y Liderazgo<\/h2><div class=\"special-heading-border\"><div class=\"special-heading-inner-border\"><\/div><\/div><\/div>\n<section  class='av_textblock_section av-e0xe55-c187c3c56929509fd73cb3c561accd22'  itemscope=\"itemscope\" itemtype=\"https:\/\/schema.org\/CreativeWork\" ><div class='avia_textblock'  itemprop=\"text\" ><p>Acompa\u00f1amos a los principales tomadores de decisi\u00f3n en las empresas privadas con una asesor\u00eda personalizada de alto nivel en temas claves de gobierno y liderazgo.<\/p>\n<p>Nuestros clientes t\u00edpicos son propietarios, miembros de juntas directivas o ejecutivos de alto nivel de compa\u00f1\u00edas cuya propiedad est\u00e1 en manos de un n\u00famero limitado de personas.<\/p>\n<p>En muchos casos se trata de empresas de propiedad de familia o compa\u00f1\u00edas que est\u00e1n en el mercado p\u00fablico, pero donde hay fuerte influencia de una familia o de un grupo individual de accionistas.<\/p>\n<\/div><\/section>\n\n<style type=\"text\/css\" data-created_by=\"avia_inline_auto\" id=\"style-css-av-ce94h5-850db716e867230712b41c11ce80442b\">\n#top .hr.hr-invisible.av-ce94h5-850db716e867230712b41c11ce80442b{\nheight:20px;\n}\n<\/style>\n<div  class='hr av-ce94h5-850db716e867230712b41c11ce80442b hr-invisible  avia-builder-el-3  el_after_av_textblock  el_before_av_one_half '><span class='hr-inner '><span class=\"hr-inner-style\"><\/span><\/span><\/div>\n<div class='flex_column_table av-6by43d-f8c072b0a02af480ff19872bc9ab9583 sc-av_one_half av-equal-height-column-flextable'>\n<style type=\"text\/css\" data-created_by=\"avia_inline_auto\" id=\"style-css-av-6by43d-f8c072b0a02af480ff19872bc9ab9583\">\n.flex_column.av-6by43d-f8c072b0a02af480ff19872bc9ab9583{\nborder-width:1px;\nborder-color:#dddddd;\nborder-style:solid;\n-webkit-border-radius:0px 0px 0px 0px;\n-moz-border-radius:0px 0px 0px 0px;\nborder-radius:0px 0px 0px 0px;\npadding:25px 25px 25px 25px;\nbackground-color:#fcfaef;\n}\n<\/style>\n<div class='flex_column av-6by43d-f8c072b0a02af480ff19872bc9ab9583 av_one_half  avia-builder-el-4  el_after_av_hr  el_before_av_one_half  first flex_column_table_cell av-equal-height-column av-align-top '     ><p>\n<style type=\"text\/css\" data-created_by=\"avia_inline_auto\" id=\"style-css-av-4iq2rt-3dec2824f6ff93ca78bda52c59d99b4b\">\n#top .av-special-heading.av-4iq2rt-3dec2824f6ff93ca78bda52c59d99b4b{\npadding-bottom:21px;\n}\nbody .av-special-heading.av-4iq2rt-3dec2824f6ff93ca78bda52c59d99b4b .av-special-heading-tag .heading-char{\nfont-size:25px;\n}\n.av-special-heading.av-4iq2rt-3dec2824f6ff93ca78bda52c59d99b4b .av-subheading{\nfont-size:15px;\n}\n<\/style>\n<div  class='av-special-heading av-4iq2rt-3dec2824f6ff93ca78bda52c59d99b4b av-special-heading-h2  avia-builder-el-5  el_before_av_textblock  avia-builder-el-first '><h2 class='av-special-heading-tag'  itemprop=\"headline\"  >Liderazgo<\/h2><div class=\"special-heading-border\"><div class=\"special-heading-inner-border\"><\/div><\/div><\/div><br \/>\n<section  class='av_textblock_section av-1zx1l5-87997ef702c5ff8624e6f3a75affae16'  itemscope=\"itemscope\" itemtype=\"https:\/\/schema.org\/CreativeWork\" ><div class='avia_textblock'  itemprop=\"text\" ><p><strong>Identificaci\u00f3n, evaluaci\u00f3n e integraci\u00f3n de l\u00edderes de empresas<\/strong><\/p>\n<p>La identificaci\u00f3n, selecci\u00f3n y evaluaci\u00f3n de talento de los l\u00edderes y de los altos ejecutivos es un desaf\u00edo, consume mucho tiempo y a menudo es un proceso cr\u00edtico para los due\u00f1os, el CEO y la Junta. Una parte muy importante de nuestro trabajo es ayudar a los clientes a gestionar este tipo de transiciones y llenar las posiciones claves de liderazgo. Ayudamos a definir los requerimientos y criterios de selecci\u00f3n para posiciones de miembros de juntas directivas o de ejecutivos de \u201cnivel C\u201d; identificamos y evaluamos candidatos y acompa\u00f1amos a nuestros clientes en la selecci\u00f3n, contrataci\u00f3n e integraci\u00f3n de nuevos l\u00edderes en la organizaci\u00f3n.<\/p>\n<ul>\n<li>Sucesi\u00f3n del Presidente y otros ejecutivos de \u201cnivel C\u201d<\/li>\n<li>Sucesi\u00f3n de miembros de Junta Directiva<\/li>\n<li>Apoyo activo en el proceso de integraci\u00f3n<\/li>\n<li>Acompa\u00f1amiento individual de l\u00edderes de empresas<\/li>\n<\/ul>\n<p><strong>Evaluaci\u00f3n del desempe\u00f1o de juntas directivas y de altos ejecutivos<\/strong><\/p>\n<p>Acompa\u00f1amos a nuestros clientes en la evaluaci\u00f3n de la junta directiva, del equipo de direcci\u00f3n, y de los miembros individuales de dichos equipos, para determinar si la organizaci\u00f3n cuenta con el talento de liderazgo requerido para su \u00e9xito futuro.<\/p>\n<ul>\n<li>An\u00e1lisis de Potencial Gerencial (\u201cAPG\u201d)<\/li>\n<li>Evaluaci\u00f3n &amp; profesionalizaci\u00f3n de juntas directiva<\/li>\n<\/ul>\n<\/div><\/section><\/p><\/div>\n<div class='av-flex-placeholder'><\/div>\n<style type=\"text\/css\" data-created_by=\"avia_inline_auto\" id=\"style-css-av-ax2oq1-a21191d7c5138c5f400217b996bf33be\">\n.flex_column.av-ax2oq1-a21191d7c5138c5f400217b996bf33be{\nborder-width:1px;\nborder-color:#dddddd;\nborder-style:solid;\n-webkit-border-radius:0px 0px 0px 0px;\n-moz-border-radius:0px 0px 0px 0px;\nborder-radius:0px 0px 0px 0px;\npadding:25px 25px 25px 25px;\nbackground-color:#fcfaef;\n}\n<\/style>\n<div class='flex_column av-ax2oq1-a21191d7c5138c5f400217b996bf33be av_one_half  avia-builder-el-7  el_after_av_one_half  avia-builder-el-last  flex_column_table_cell av-equal-height-column av-align-top '     ><p>\n<style type=\"text\/css\" data-created_by=\"avia_inline_auto\" id=\"style-css-av-9ik21l-dd7e76a2485fe27651d28be95b482de4\">\n#top .av-special-heading.av-9ik21l-dd7e76a2485fe27651d28be95b482de4{\npadding-bottom:21px;\n}\nbody .av-special-heading.av-9ik21l-dd7e76a2485fe27651d28be95b482de4 .av-special-heading-tag .heading-char{\nfont-size:25px;\n}\n.av-special-heading.av-9ik21l-dd7e76a2485fe27651d28be95b482de4 .av-subheading{\nfont-size:15px;\n}\n<\/style>\n<div  class='av-special-heading av-9ik21l-dd7e76a2485fe27651d28be95b482de4 av-special-heading-h2  avia-builder-el-8  el_before_av_textblock  avia-builder-el-first '><h2 class='av-special-heading-tag'  itemprop=\"headline\"  >Gobierno<\/h2><div class=\"special-heading-border\"><div class=\"special-heading-inner-border\"><\/div><\/div><\/div><br \/>\n<section  class='av_textblock_section av-s7ts9-16a234ccd79a2a1da3726e720aeff1dd'  itemscope=\"itemscope\" itemtype=\"https:\/\/schema.org\/CreativeWork\" ><div class='avia_textblock'  itemprop=\"text\" ><p><strong>Asesor\u00eda sobre estructuras de gobierno<\/strong><\/p>\n<p>Una parte importante de nuestro trabajo es dise\u00f1ar y ayudar a poner en pr\u00e1ctica estructuras de gobernabilidad en empresas privadas. Nuestros asesores poseen amplia experiencia en la creaci\u00f3n y operaci\u00f3n de sistemas de gobierno corporativo y de familias. Nuestro papel en estos casos es ofrecer perspectivas, antecedentes y asesor\u00eda en las diferentes opciones de estructuras disponibles y lo que muchas veces es cr\u00edtico, es ayudar a los propietarios y otros grupos de inter\u00e9s en lograr un entendimiento com\u00fan acerca de c\u00f3mo se deber\u00eda gestionar la empresa.<\/p>\n<ul>\n<li>Estructuras de gobierno corporativo<\/li>\n<li>Constituciones de familia<\/li>\n<li>Alineamiento de grupos de accionistas<\/li>\n<\/ul>\n<p><strong>Estrategia de due\u00f1o, planeaci\u00f3n de sucesi\u00f3n, y mediaci\u00f3n<\/strong><\/p>\n<p>Para que una estructura de gobierno tenga sentido debe estar basada en un conjunto aceptado de principios y objetivos estrat\u00e9gicos fundamentales. Nosotros acompa\u00f1amos a nuestros clientes en la discusi\u00f3n para alcanzar un entendimiento com\u00fan y en definir los fundamentos sobre la esencia del negocio y la direcci\u00f3n que se deber\u00eda tomar. Esto puede incluir la planeaci\u00f3n e implementaci\u00f3n de una sucesi\u00f3n exitosa en el liderazgo de la empresa, acomodando diferencias emergentes o impl\u00edcitas entre las partes interesadas, o la mediaci\u00f3n de conflictos disruptivos entre accionistas.<\/p>\n<ul>\n<li>Principios fundamentales y \u201creglas del juego\u201d<\/li>\n<li>Definici\u00f3n de los proyectos y valores comunes<\/li>\n<li>Planeaci\u00f3n y manejo de sucesiones<\/li>\n<li>Formaci\u00f3n de la pr\u00f3xima generaci\u00f3n<\/li>\n<li>Manejo de conflictos \/ mediaci\u00f3n entre \u201cstakeholders\u201d<\/li>\n<\/ul>\n<\/div><\/section><\/p><\/div><\/div><!--close column table wrapper. Autoclose: 1 -->\n","protected":false},"excerpt":{"rendered":"","protected":false},"author":1,"featured_media":0,"parent":0,"menu_order":0,"comment_status":"closed","ping_status":"closed","template":"","meta":{"inline_featured_image":false,"footnotes":""},"yoast_head":"<!-- This site is optimized with the Yoast SEO plugin v21.6 - https:\/\/yoast.com\/wordpress\/plugins\/seo\/ -->\n<title>Servicios - AvS Advisors<\/title>\n<meta name=\"robots\" content=\"index, follow, max-snippet:-1, max-image-preview:large, max-video-preview:-1\" \/>\n<link rel=\"canonical\" href=\"https:\/\/avs-advisors.com\/es\/servicios-alt\/\" \/>\n<meta property=\"og:locale\" content=\"es_ES\" \/>\n<meta property=\"og:type\" content=\"article\" \/>\n<meta property=\"og:title\" content=\"Servicios - AvS Advisors\" \/>\n<meta property=\"og:url\" content=\"https:\/\/avs-advisors.com\/es\/servicios-alt\/\" \/>\n<meta property=\"og:site_name\" content=\"AvS Advisors\" \/>\n<meta property=\"article:modified_time\" content=\"2021-09-28T15:55:43+00:00\" \/>\n<meta name=\"twitter:card\" content=\"summary_large_image\" \/>\n<meta name=\"twitter:label1\" content=\"Tiempo estimado de lectura\" \/>\n\t<meta name=\"twitter:data1\" content=\"9 minutos\" \/>\n<script type=\"application\/ld+json\" class=\"yoast-schema-graph\">{\"@context\":\"https:\/\/schema.org\",\"@graph\":[{\"@type\":\"WebPage\",\"@id\":\"https:\/\/avs-advisors.com\/es\/servicios-alt\/\",\"url\":\"https:\/\/avs-advisors.com\/es\/servicios-alt\/\",\"name\":\"Servicios - AvS Advisors\",\"isPartOf\":{\"@id\":\"https:\/\/avs-advisors.com\/#website\"},\"datePublished\":\"2016-03-29T10:14:58+00:00\",\"dateModified\":\"2021-09-28T15:55:43+00:00\",\"breadcrumb\":{\"@id\":\"https:\/\/avs-advisors.com\/es\/servicios-alt\/#breadcrumb\"},\"inLanguage\":\"es-CO\",\"potentialAction\":[{\"@type\":\"ReadAction\",\"target\":[\"https:\/\/avs-advisors.com\/es\/servicios-alt\/\"]}]},{\"@type\":\"BreadcrumbList\",\"@id\":\"https:\/\/avs-advisors.com\/es\/servicios-alt\/#breadcrumb\",\"itemListElement\":[{\"@type\":\"ListItem\",\"position\":1,\"name\":\"Home\",\"item\":\"https:\/\/avs-advisors.com\/es\/bienvenida\/\"},{\"@type\":\"ListItem\",\"position\":2,\"name\":\"Servicios\"}]},{\"@type\":\"WebSite\",\"@id\":\"https:\/\/avs-advisors.com\/#website\",\"url\":\"https:\/\/avs-advisors.com\/\",\"name\":\"AvS Advisors\",\"description\":\"Welcome\",\"publisher\":{\"@id\":\"https:\/\/avs-advisors.com\/#organization\"},\"potentialAction\":[{\"@type\":\"SearchAction\",\"target\":{\"@type\":\"EntryPoint\",\"urlTemplate\":\"https:\/\/avs-advisors.com\/?s={search_term_string}\"},\"query-input\":\"required name=search_term_string\"}],\"inLanguage\":\"es-CO\"},{\"@type\":\"Organization\",\"@id\":\"https:\/\/avs-advisors.com\/#organization\",\"name\":\"Andreas von Specht \u2013 International Trusted Advisors GmbH\",\"url\":\"https:\/\/avs-advisors.com\/\",\"logo\":{\"@type\":\"ImageObject\",\"inLanguage\":\"es-CO\",\"@id\":\"https:\/\/avs-advisors.com\/#\/schema\/logo\/image\/\",\"url\":\"https:\/\/avs-advisors.com\/wp-content\/uploads\/2023\/02\/AvS_Pantone_Gruen_003.svg\",\"contentUrl\":\"https:\/\/avs-advisors.com\/wp-content\/uploads\/2023\/02\/AvS_Pantone_Gruen_003.svg\",\"width\":\"1030\",\"height\":\"1030\",\"caption\":\"Andreas von Specht \u2013 International Trusted Advisors GmbH\"},\"image\":{\"@id\":\"https:\/\/avs-advisors.com\/#\/schema\/logo\/image\/\"},\"sameAs\":[\"https:\/\/www.linkedin.com\/company\/2461737\"]}]}<\/script>\n<!-- \/ Yoast SEO plugin. -->","yoast_head_json":{"title":"Servicios - AvS Advisors","robots":{"index":"index","follow":"follow","max-snippet":"max-snippet:-1","max-image-preview":"max-image-preview:large","max-video-preview":"max-video-preview:-1"},"canonical":"https:\/\/avs-advisors.com\/es\/servicios-alt\/","og_locale":"es_ES","og_type":"article","og_title":"Servicios - AvS Advisors","og_url":"https:\/\/avs-advisors.com\/es\/servicios-alt\/","og_site_name":"AvS Advisors","article_modified_time":"2021-09-28T15:55:43+00:00","twitter_card":"summary_large_image","twitter_misc":{"Tiempo estimado de lectura":"9 minutos"},"schema":{"@context":"https:\/\/schema.org","@graph":[{"@type":"WebPage","@id":"https:\/\/avs-advisors.com\/es\/servicios-alt\/","url":"https:\/\/avs-advisors.com\/es\/servicios-alt\/","name":"Servicios - AvS Advisors","isPartOf":{"@id":"https:\/\/avs-advisors.com\/#website"},"datePublished":"2016-03-29T10:14:58+00:00","dateModified":"2021-09-28T15:55:43+00:00","breadcrumb":{"@id":"https:\/\/avs-advisors.com\/es\/servicios-alt\/#breadcrumb"},"inLanguage":"es-CO","potentialAction":[{"@type":"ReadAction","target":["https:\/\/avs-advisors.com\/es\/servicios-alt\/"]}]},{"@type":"BreadcrumbList","@id":"https:\/\/avs-advisors.com\/es\/servicios-alt\/#breadcrumb","itemListElement":[{"@type":"ListItem","position":1,"name":"Home","item":"https:\/\/avs-advisors.com\/es\/bienvenida\/"},{"@type":"ListItem","position":2,"name":"Servicios"}]},{"@type":"WebSite","@id":"https:\/\/avs-advisors.com\/#website","url":"https:\/\/avs-advisors.com\/","name":"AvS Advisors","description":"Welcome","publisher":{"@id":"https:\/\/avs-advisors.com\/#organization"},"potentialAction":[{"@type":"SearchAction","target":{"@type":"EntryPoint","urlTemplate":"https:\/\/avs-advisors.com\/?s={search_term_string}"},"query-input":"required name=search_term_string"}],"inLanguage":"es-CO"},{"@type":"Organization","@id":"https:\/\/avs-advisors.com\/#organization","name":"Andreas von Specht \u2013 International Trusted Advisors GmbH","url":"https:\/\/avs-advisors.com\/","logo":{"@type":"ImageObject","inLanguage":"es-CO","@id":"https:\/\/avs-advisors.com\/#\/schema\/logo\/image\/","url":"https:\/\/avs-advisors.com\/wp-content\/uploads\/2023\/02\/AvS_Pantone_Gruen_003.svg","contentUrl":"https:\/\/avs-advisors.com\/wp-content\/uploads\/2023\/02\/AvS_Pantone_Gruen_003.svg","width":"1030","height":"1030","caption":"Andreas von Specht \u2013 International Trusted Advisors GmbH"},"image":{"@id":"https:\/\/avs-advisors.com\/#\/schema\/logo\/image\/"},"sameAs":["https:\/\/www.linkedin.com\/company\/2461737"]}]}},"_links":{"self":[{"href":"https:\/\/avs-advisors.com\/es\/wp-json\/wp\/v2\/pages\/4441"}],"collection":[{"href":"https:\/\/avs-advisors.com\/es\/wp-json\/wp\/v2\/pages"}],"about":[{"href":"https:\/\/avs-advisors.com\/es\/wp-json\/wp\/v2\/types\/page"}],"author":[{"embeddable":true,"href":"https:\/\/avs-advisors.com\/es\/wp-json\/wp\/v2\/users\/1"}],"replies":[{"embeddable":true,"href":"https:\/\/avs-advisors.com\/es\/wp-json\/wp\/v2\/comments?post=4441"}],"version-history":[{"count":18,"href":"https:\/\/avs-advisors.com\/es\/wp-json\/wp\/v2\/pages\/4441\/revisions"}],"predecessor-version":[{"id":16299,"href":"https:\/\/avs-advisors.com\/es\/wp-json\/wp\/v2\/pages\/4441\/revisions\/16299"}],"wp:attachment":[{"href":"https:\/\/avs-advisors.com\/es\/wp-json\/wp\/v2\/media?parent=4441"}],"curies":[{"name":"wp","href":"https:\/\/api.w.org\/{rel}","templated":true}]}}