{"id":6964,"date":"2018-05-22T21:59:35","date_gmt":"2018-05-22T19:59:35","guid":{"rendered":"https:\/\/avs-advisors.com\/en\/?page_id=6964"},"modified":"2025-02-07T14:47:00","modified_gmt":"2025-02-07T13:47:00","slug":"datenschutz","status":"publish","type":"page","link":"https:\/\/avs-advisors.com\/de\/datenschutz\/","title":{"rendered":"Datenschutz"},"content":{"rendered":"\n<style type=\"text\/css\" data-created_by=\"avia_inline_auto\" id=\"style-css-av-5idzus-505360d775252385d7f77306e6838cf7\">\n.flex_column.av-5idzus-505360d775252385d7f77306e6838cf7{\n-webkit-border-radius:0px 0px 0px 0px;\n-moz-border-radius:0px 0px 0px 0px;\nborder-radius:0px 0px 0px 0px;\npadding:0px 0px 0px 0px;\n}\n<\/style>\n<div class='flex_column av-5idzus-505360d775252385d7f77306e6838cf7 av_one_full  avia-builder-el-0  el_before_av_textblock  avia-builder-el-first  first flex_column_div av-zero-column-padding '     ><section  class='av_textblock_section av-3rcu1g-da1e1e5fb36a971f559079e1b62675eb'  itemscope=\"itemscope\" itemtype=\"https:\/\/schema.org\/CreativeWork\" ><div class='avia_textblock'  itemprop=\"text\" ><h2>Datenschutzerkl\u00e4rung<\/h2>\n<p>Nachstehend informieren wir Sie \u00fcber Art, Umfang und Zweck der Verarbeitung Ihrer personenbezogenen Daten bei der Nutzung unserer Webseite \u201ewww.avs-advisors.com\u201c. Personenbezogene Daten sind alle Informationen, die sich auf eine identifizierte oder identifizierbare nat\u00fcrliche Person beziehen.<\/p>\n<h5>1. Verantwortlicher<\/h5>\n<p>Verantwortlicher im Sinne der EU-Datenschutzgrundverordnung (DSGVO) ist diejenige nat\u00fcrliche oder juristische Person, die allein oder gemeinsam mit anderen \u00fcber die Zwecke und Mittel der Verarbeitung von personenbezogenen Daten entscheidet. F\u00fcr die beim Besuch unserer Webseite verarbeiteten personenbezogenen Daten ist Verantwortlicher im Sinne der DSGVO: AvS &#8211; International Trusted Advisors GmbH, Untermainkai 31, 60329 Frankfurt am Main, Telefon +49 (69) 2713975-0, E-Mail compliance@avs-advisors.com (im Folgenden \u201ewir\u201c).<\/p>\n<h5>2. Wenn Sie unsere Webseite besuchen<\/h5>\n<p>Wenn Sie unsere Webseite besuchen, erhebt unser Server die folgenden Informationen von Ihrem Endger\u00e4t: Browser-Typ und -Version, Betriebssystem, die zuvor besuchte Webseite (\u201eReferrer\u201c), IP-Adresse und Zeitpunkt des Seitenaufrufs.<\/p>\n<p>Wir erheben und verarbeiten diese Daten, um den st\u00f6rungsfreien Betrieb unserer Webseite sicherzustellen und einen Missbrauch unserer Leistungen erkennen, abwehren und verfolgen zu k\u00f6nnen. Ferner nutzen wir die erhobenen Daten zu statistischen Zwecken, um etwa auszuwerten, mit welchen Endger\u00e4ten und Browsern unsere Plattform aufgerufen wird, um auf dieser Basis unser Angebot laufend an die Bed\u00fcrfnisse der Nutzer anzupassen und zu verbessern. Diese Datenverarbeitung erfolgt auf Grundlage von Artikel 6 Absatz 1 Buchstabe f DSGVO.<\/p>\n<p>Alle oben genannten personenbezogenen Daten l\u00f6schen wir sp\u00e4testens zw\u00f6lf Monate nach ihrer Erhebung.<\/p>\n<h5>3. Auftragsverarbeiter<\/h5>\n<p>Zur Unterst\u00fctzung unserer betrieblichen Abl\u00e4ufe nutzen wir die Dienste von ZQUAD Fabian Zenk und Simon Zeltsmann GbR, Wilhelm-Leichum-Stra\u00dfe 51, 63263 Neu-Isenburg als Auftragsverarbeiter im Einklang mit Artikel 28 DSGVO.<\/p>\n<p>F\u00fcr den Betrieb unserer Webseite im Internet nehmen wir die technischen Leistungen von Ionos (IONOS SE, Elgendorfer Str. 57, 56410 Montabaur) als Auftragsverarbeiter gem\u00e4\u00df Artikel 28 DSGVO in Anspruch.<\/p>\n<p>F\u00fcr die Analyse der Nutzung unserer Webseite nutzen wir die Software \u201eMatomo\u201c auf einem Server der InnoCraft (Matomo) (InnoCraft Ltd., 7 Waterloo Quay, PO625, 6140 Wellington, Neuseeland) (Auftragsverarbeiter gem\u00e4\u00df Artikel 28 DSGVO). F\u00fcr Neuseeland hat die Europ\u00e4ischen Union ein angemessenes Datenschutzniveau im Sinne von Artikel 46 DSGVO festgestellt.<\/p>\n<h5>4. Kontaktaufnahme<\/h5>\n<p>Wenn Sie ein Kontaktformular oder eine Chat-Funktion auf unserer Webseite nutzen, verarbeiten wir die von Ihnen dabei eingegebenen Daten; dies k\u00f6nnen neben Ihrer Nachricht Ihr Name und Ihre E-Mail-Adresse sein.<\/p>\n<p>Wenn Sie uns eine Nachricht per E-Mail schicken, speichern wir Ihre Nachricht mit den damit \u00fcbermittelten Absenderdaten (Name, E-Mail-Adresse und ggf. weitere von Ihrem E-Mail-Programm und den \u00fcbermittelnden Servern hinzugef\u00fcgte Informationen). F\u00fcr den Empfang, die Speicherung und den Versand von E-Mails nutzen wir Leistungen von Ionos SE, Elgendorfer Str. 57, 56410 Montabaur und Microsoft Corp. (USA) (Microsoft Corp., Redmond, WA 98052-63399, Vereinigte Staaten von Amerika) als Auftragsverarbeiter gem\u00e4\u00df Artikel 28 DSGVO.<\/p>\n<p>Rechtsgrundlage f\u00fcr diese Datenverarbeitung ist unser berechtigtes Interesse, Ihre Nachricht zu beantworten und auch auf eventuelle Folgefragen von Ihnen reagieren zu k\u00f6nnen (Artikel 6 Absatz 1 Buchstabe f DSGVO). Wir l\u00f6schen die mit Ihrer Nachricht erhobenen Daten sp\u00e4testens zw\u00f6lf Monate nach der letzten mit Ihnen gef\u00fchrten Kommunikation zu Ihrem Anliegen, vorbehaltlich der Reglung im folgenden Absatz.<\/p>\n<p>Wenn Sie uns eine rechtlich relevante Erkl\u00e4rung zu einem mit uns bestehenden Vertragsverh\u00e4ltnis \u00fcbermitteln, ist Rechtsgrundlage f\u00fcr die Verarbeitung, unabh\u00e4ngig vom \u00dcbermittlungsweg, auch Artikel 6 Absatz 1 Buchstabe b DSGVO. In einem solchen Fall l\u00f6schen wir die mit Ihrer Erkl\u00e4rung zusammenh\u00e4ngenden Daten, sobald alle wechselseitigen Anspr\u00fcche aus dem Vertragsverh\u00e4ltnis endg\u00fcltig erledigt und die handels- und steuerrechtlichen Aufbewahrungsfristen abgelaufen sind.<\/p>\n<h5>5. Newsletter<\/h5>\n<p>Wenn Sie unseren Newsletter abonniert haben, werden wir Sie per E-Mail \u00fcber Neuigkeiten aus unserem Hause auf dem Laufenden halten (Direktwerbung von und f\u00fcr uns). Sie werden dabei nicht mehr als einen Newsletter in der Woche erhalten. Sie k\u00f6nnen der Nutzung Ihrer E-Mail-Adresse zu Werbezwecken jederzeit formlos widersprechen, ohne dass hierf\u00fcr andere als die \u00dcbermittlungskosten nach den Basistarifen entstehen.<\/p>\n<p>Diese Datenverarbeitung erfolgt auf Grundlage Ihrer Einwilligung gem\u00e4\u00df Artikel 6 Absatz 1 Buchstabe a DSGVO. Sobald Sie die Einwilligung zur Nutzung Ihrer E-Mail-Adresse zu Werbezwecken widerrufen, l\u00f6schen wir Ihre E-Mail-Adresse aus unserem Newsletter-Verteiler.<\/p>\n<p>Als technischen Dienstleister f\u00fcr den Versand unseres Newsletters nutzen wir den Service der Firma Sendinblue GmbH, K\u00f6penicker Stra\u00dfe 126, 10179 Berlin (Auftragsverarbeiter gem\u00e4\u00df Artikel 28 DSGVO).<\/p>\n<h5>6. Google-Dienste<\/h5>\n<p>Soweit Sie eingewilligt haben, setzen wir auf unserer Webseite bestimmte Dienste von Google ein. Wenn Sie unsere Seite von einem Standort in der Europ\u00e4ischen Union, Norwegen, Island, Liechtenstein oder der Schweiz aus besuchen, handelt es sich bei \u201eGoogle\u201c um die Google Ireland Limited, Gordon House, Barrow Street, Dublin 4, Irland, anderenfalls um die Google LLC, 1600 Amphitheatre Parkway, Mountain View, CA 94043, USA.<\/p>\n<p>Allgemeine Informationen zur Datennutzung durch Google finden Sie bei Google unter https:\/\/policies.google.com\/technologies\/partner-sites (\u201eWie wir Daten von Websites oder Apps verwenden, auf bzw. in denen unsere Dienste genutzt werden\u201c).<\/p>\n<h5>7. Google Maps<\/h5>\n<p>Soweit Sie eingewilligt haben, nutzt unsere Webseite \u201eGoogle Maps\u201c, eine Funktion von Google zur Einblendung von Stra\u00dfenkarten und Luftbildern. Die Bilddaten zur Darstellung der \u201eGoogle Maps\u201c werden durch Ihr Endger\u00e4t direkt von Google heruntergeladen, wenn Sie eine Seite aufrufen, die solche Stra\u00dfenkarten oder Luftbilder enth\u00e4lt. Google erf\u00e4hrt dadurch Ihre IP-Adresse, Ihr Betriebssystem, Ihren Browsertyp, dessen Version sowie ggf. Ihren Standort und wertet diese Daten f\u00fcr eigene gesch\u00e4ftliche Zwecke aus.<\/p>\n<h5>8. Social Media<\/h5>\n<p>Auf unserer Webseite k\u00f6nnen Social-Media-Buttons eingeblendet sein; sie sind an den Logos der Social-Media-Plattformen (im Folgenden \u201ePlattformen\u201c) zu erkennen (LinkedIn: \u201ein\u201c-Logo, XING: \u201eX\u201c-Logo). Es handelt sich dabei um Links zu den jeweiligen Plattformen. Ein Klick auf einen solchen Link ruft die Internetseite der jeweiligen Plattform auf, wobei die IP-Adresse des aufrufenden Endger\u00e4ts sowie die Adresse der Seite, von der aus verlinkt wird (\u201eReferrer\u201c), an die aufgerufene Plattform \u00fcbermittelt werden. Von uns selbst werden im Zusammenhang mit den Social-Media-Buttons jedoch keine Daten erhoben oder verarbeitet.<\/p>\n<h5>9. Ihre Rechte<\/h5>\n<p>Bez\u00fcglich der personenbezogenen Daten, die wir \u00fcber Sie verarbeiten, stehen Ihnen die folgenden Rechte zu:<\/p>\n<p>Sie haben das Recht, von uns eine Best\u00e4tigung dar\u00fcber zu verlangen, ob wir Sie betreffende personenbezogene Daten verarbeiten. Ist dies der Fall, so teilen wir Ihnen die \u00fcber Sie gespeicherten personenbezogenen Daten und die weiteren Informationen gem\u00e4\u00df Artikel 15 Abs. 1 u. 2 DSGVO mit.<\/p>\n<p>Sie haben das Recht, Sie betreffende unrichtige personenbezogene Daten unverz\u00fcglich berichtigen zu lassen. Unter Ber\u00fccksichtigung der Zwecke der Verarbeitung haben Sie auch das Recht, die Vervollst\u00e4ndigung unvollst\u00e4ndiger personenbezogener Daten \u2013 auch mittels einer erg\u00e4nzenden Erkl\u00e4rung \u2013 zu verlangen.<\/p>\n<p>Sie k\u00f6nnen von uns die unverz\u00fcgliche L\u00f6schung der Sie betreffenden personenbezogenen Daten unter den Voraussetzungen von Artikel 17 Absatz 1 DSGVO verlangen, soweit deren Verarbeitung nicht gem\u00e4\u00df Artikel 17 Absatz 3 DSGVO erforderlich ist.<\/p>\n<p>Sie k\u00f6nnen von uns die Einschr\u00e4nkung der Verarbeitung Ihrer Daten verlangen, wenn eine der Voraussetzungen von Artikel 18 Absatz 1 DSGVO vorliegt. Sie k\u00f6nnen die Einschr\u00e4nkung insbesondere anstelle einer L\u00f6schung verlangen.<\/p>\n<p>Wir werden jede Berichtigung oder L\u00f6schung Ihrer personenbezogenen Daten und eine Einschr\u00e4nkung der Verarbeitung allen Empf\u00e4ngern mitteilen, denen wir Sie betreffende personenbezogene Daten offengelegt haben, es sei denn, dies erweist sich als unm\u00f6glich oder ist mit einem unverh\u00e4ltnism\u00e4\u00dfigen Aufwand verbunden. Wir werden Sie zudem \u00fcber diese Empf\u00e4nger unterrichten, wenn Sie dies verlangen.<\/p>\n<p>Sie haben das Recht, die personenbezogenen Daten, die Sie uns bereitgestellt haben, in einem strukturierten, g\u00e4ngigen und maschinenlesbaren Format zu erhalten, und k\u00f6nnen verlangen, dass wir diese Daten einem anderen Verantwortlichen ohne Behinderung \u00fcbermitteln, soweit dies technisch m\u00f6glich ist.<\/p>\n<p>Soweit eine Datenverarbeitung auf Ihrer Einwilligung beruht, haben Sie das Recht, Ihre Einwilligung jederzeit zu widerrufen. Durch den Widerruf der Einwilligung wird die Rechtm\u00e4\u00dfigkeit der Datenverarbeitung, die bis zu Ihrem Widerruf erfolgt ist, nicht ber\u00fchrt.<\/p>\n<p>WIDERSPRUCHSRECHT: AUS GR\u00dcNDEN, DIE SICH AUS IHRER BESONDEREN SITUATION ERGEBEN, K\u00d6NNEN SIE JEDERZEIT DER VERARBEITUNG DER SIE BETREFFENDEN PERSONENBEZOGENEN DATEN WIDERSPRECHEN; dieses Widerspruchsrecht besteht in Bezug auf diejenige Datenverarbeitung, die auf Grundlage von Artikel 6 Absatz 1 Buchstabe f DSGVO zur Wahrung berechtigter Interessen unsererseits oder eines Dritten erfolgt, sofern nicht Ihre Interessen oder Grundrechte und Grundfreiheiten, die den Schutz personenbezogener Daten erfordern, \u00fcberwiegen. Wenn Sie Ihr Widerspruchsrecht aus\u00fcben, werden wir die betreffenden Daten nicht mehr verarbeiten, es sei denn, dass wir zwingende schutzw\u00fcrdige Gr\u00fcnde f\u00fcr die Verarbeitung nachweisen k\u00f6nnen, die die Interessen, Rechte und Freiheiten von Ihnen \u00fcberwiegen, oder dass die Verarbeitung der Geltendmachung, Aus\u00fcbung oder Verteidigung von Rechtsanspr\u00fcchen dient.<\/p>\n<p>F\u00dcR DEN FALL, DASS WIR PERSONENBEZOGENE DATEN F\u00dcR DIE DIREKTWERBUNG (Z.B. NEWSLETTER) VERARBEITEN, K\u00d6NNEN SIE JEDERZEIT WIDERSPRUCH GEGEN DIE VERARBEITUNG DER SIE BETREFFENDEN PERSONENBEZOGENEN DATEN ZUM ZWECKE DERARTIGER WERBUNG EINLEGEN MIT DER FOLGE, DASS WIR IHRE DATEN F\u00dcR DIESE ZWECKE NICHT MEHR VERARBEITEN WERDEN.<\/p>\n<p>Wenn Sie der Ansicht sind, dass die Verarbeitung Ihrer personenbezogenen Daten gegen die DSGVO verst\u00f6\u00dft, k\u00f6nnen Sie Beschwerde einlegen bei einer Aufsichtsbeh\u00f6rde, insbesondere in dem Mitgliedstaat Ihres Aufenthaltsorts, Ihres Arbeitsplatzes oder des Orts des mutma\u00dflichen Versto\u00dfes. Das schlie\u00dft anderweitige beh\u00f6rdliche oder gerichtliche Rechtsbehelfe nicht aus.<\/p>\n<\/div><\/section><\/div><section  class='av_textblock_section av-37d3jo-99095e06100fb99975fc2bfc117ce6f0'  itemscope=\"itemscope\" itemtype=\"https:\/\/schema.org\/CreativeWork\" ><div class='avia_textblock'  itemprop=\"text\" ><\/div><\/section><\/p>\n","protected":false},"excerpt":{"rendered":"","protected":false},"author":1,"featured_media":0,"parent":0,"menu_order":0,"comment_status":"closed","ping_status":"closed","template":"","meta":{"inline_featured_image":false,"footnotes":""},"yoast_head":"<!-- This site is optimized with the Yoast SEO plugin v21.6 - https:\/\/yoast.com\/wordpress\/plugins\/seo\/ -->\n<title>Datenschutz - AvS Advisors<\/title>\n<meta name=\"robots\" content=\"index, follow, max-snippet:-1, max-image-preview:large, max-video-preview:-1\" \/>\n<link rel=\"canonical\" href=\"https:\/\/avs-advisors.com\/de\/datenschutz\/\" \/>\n<meta property=\"og:locale\" content=\"de_DE\" \/>\n<meta property=\"og:type\" content=\"article\" \/>\n<meta property=\"og:title\" content=\"Datenschutz - AvS Advisors\" \/>\n<meta property=\"og:url\" content=\"https:\/\/avs-advisors.com\/de\/datenschutz\/\" \/>\n<meta property=\"og:site_name\" content=\"AvS Advisors\" \/>\n<meta property=\"article:modified_time\" content=\"2025-02-07T13:47:00+00:00\" \/>\n<meta name=\"twitter:card\" content=\"summary_large_image\" \/>\n<meta name=\"twitter:label1\" content=\"Gesch\u00e4tzte Lesezeit\" \/>\n\t<meta name=\"twitter:data1\" content=\"9\u00a0Minuten\" \/>\n<script type=\"application\/ld+json\" class=\"yoast-schema-graph\">{\"@context\":\"https:\/\/schema.org\",\"@graph\":[{\"@type\":\"WebPage\",\"@id\":\"https:\/\/avs-advisors.com\/de\/datenschutz\/\",\"url\":\"https:\/\/avs-advisors.com\/de\/datenschutz\/\",\"name\":\"Datenschutz - AvS Advisors\",\"isPartOf\":{\"@id\":\"https:\/\/avs-advisors.com\/#website\"},\"datePublished\":\"2018-05-22T19:59:35+00:00\",\"dateModified\":\"2025-02-07T13:47:00+00:00\",\"breadcrumb\":{\"@id\":\"https:\/\/avs-advisors.com\/de\/datenschutz\/#breadcrumb\"},\"inLanguage\":\"de\",\"potentialAction\":[{\"@type\":\"ReadAction\",\"target\":[\"https:\/\/avs-advisors.com\/de\/datenschutz\/\"]}]},{\"@type\":\"BreadcrumbList\",\"@id\":\"https:\/\/avs-advisors.com\/de\/datenschutz\/#breadcrumb\",\"itemListElement\":[{\"@type\":\"ListItem\",\"position\":1,\"name\":\"Home\",\"item\":\"https:\/\/avs-advisors.com\/de\/\"},{\"@type\":\"ListItem\",\"position\":2,\"name\":\"Datenschutz\"}]},{\"@type\":\"WebSite\",\"@id\":\"https:\/\/avs-advisors.com\/#website\",\"url\":\"https:\/\/avs-advisors.com\/\",\"name\":\"AvS Advisors\",\"description\":\"Welcome\",\"publisher\":{\"@id\":\"https:\/\/avs-advisors.com\/#organization\"},\"potentialAction\":[{\"@type\":\"SearchAction\",\"target\":{\"@type\":\"EntryPoint\",\"urlTemplate\":\"https:\/\/avs-advisors.com\/?s={search_term_string}\"},\"query-input\":\"required name=search_term_string\"}],\"inLanguage\":\"de\"},{\"@type\":\"Organization\",\"@id\":\"https:\/\/avs-advisors.com\/#organization\",\"name\":\"Andreas von Specht \u2013 International Trusted Advisors GmbH\",\"url\":\"https:\/\/avs-advisors.com\/\",\"logo\":{\"@type\":\"ImageObject\",\"inLanguage\":\"de\",\"@id\":\"https:\/\/avs-advisors.com\/#\/schema\/logo\/image\/\",\"url\":\"https:\/\/avs-advisors.com\/wp-content\/uploads\/2023\/02\/AvS_Pantone_Gruen_003.svg\",\"contentUrl\":\"https:\/\/avs-advisors.com\/wp-content\/uploads\/2023\/02\/AvS_Pantone_Gruen_003.svg\",\"width\":\"1030\",\"height\":\"1030\",\"caption\":\"Andreas von Specht \u2013 International Trusted Advisors GmbH\"},\"image\":{\"@id\":\"https:\/\/avs-advisors.com\/#\/schema\/logo\/image\/\"},\"sameAs\":[\"https:\/\/www.linkedin.com\/company\/2461737\"]}]}<\/script>\n<!-- \/ Yoast SEO plugin. -->","yoast_head_json":{"title":"Datenschutz - AvS Advisors","robots":{"index":"index","follow":"follow","max-snippet":"max-snippet:-1","max-image-preview":"max-image-preview:large","max-video-preview":"max-video-preview:-1"},"canonical":"https:\/\/avs-advisors.com\/de\/datenschutz\/","og_locale":"de_DE","og_type":"article","og_title":"Datenschutz - AvS Advisors","og_url":"https:\/\/avs-advisors.com\/de\/datenschutz\/","og_site_name":"AvS Advisors","article_modified_time":"2025-02-07T13:47:00+00:00","twitter_card":"summary_large_image","twitter_misc":{"Gesch\u00e4tzte Lesezeit":"9\u00a0Minuten"},"schema":{"@context":"https:\/\/schema.org","@graph":[{"@type":"WebPage","@id":"https:\/\/avs-advisors.com\/de\/datenschutz\/","url":"https:\/\/avs-advisors.com\/de\/datenschutz\/","name":"Datenschutz - AvS Advisors","isPartOf":{"@id":"https:\/\/avs-advisors.com\/#website"},"datePublished":"2018-05-22T19:59:35+00:00","dateModified":"2025-02-07T13:47:00+00:00","breadcrumb":{"@id":"https:\/\/avs-advisors.com\/de\/datenschutz\/#breadcrumb"},"inLanguage":"de","potentialAction":[{"@type":"ReadAction","target":["https:\/\/avs-advisors.com\/de\/datenschutz\/"]}]},{"@type":"BreadcrumbList","@id":"https:\/\/avs-advisors.com\/de\/datenschutz\/#breadcrumb","itemListElement":[{"@type":"ListItem","position":1,"name":"Home","item":"https:\/\/avs-advisors.com\/de\/"},{"@type":"ListItem","position":2,"name":"Datenschutz"}]},{"@type":"WebSite","@id":"https:\/\/avs-advisors.com\/#website","url":"https:\/\/avs-advisors.com\/","name":"AvS Advisors","description":"Welcome","publisher":{"@id":"https:\/\/avs-advisors.com\/#organization"},"potentialAction":[{"@type":"SearchAction","target":{"@type":"EntryPoint","urlTemplate":"https:\/\/avs-advisors.com\/?s={search_term_string}"},"query-input":"required name=search_term_string"}],"inLanguage":"de"},{"@type":"Organization","@id":"https:\/\/avs-advisors.com\/#organization","name":"Andreas von Specht \u2013 International Trusted Advisors GmbH","url":"https:\/\/avs-advisors.com\/","logo":{"@type":"ImageObject","inLanguage":"de","@id":"https:\/\/avs-advisors.com\/#\/schema\/logo\/image\/","url":"https:\/\/avs-advisors.com\/wp-content\/uploads\/2023\/02\/AvS_Pantone_Gruen_003.svg","contentUrl":"https:\/\/avs-advisors.com\/wp-content\/uploads\/2023\/02\/AvS_Pantone_Gruen_003.svg","width":"1030","height":"1030","caption":"Andreas von Specht \u2013 International Trusted Advisors GmbH"},"image":{"@id":"https:\/\/avs-advisors.com\/#\/schema\/logo\/image\/"},"sameAs":["https:\/\/www.linkedin.com\/company\/2461737"]}]}},"_links":{"self":[{"href":"https:\/\/avs-advisors.com\/de\/wp-json\/wp\/v2\/pages\/6964"}],"collection":[{"href":"https:\/\/avs-advisors.com\/de\/wp-json\/wp\/v2\/pages"}],"about":[{"href":"https:\/\/avs-advisors.com\/de\/wp-json\/wp\/v2\/types\/page"}],"author":[{"embeddable":true,"href":"https:\/\/avs-advisors.com\/de\/wp-json\/wp\/v2\/users\/1"}],"replies":[{"embeddable":true,"href":"https:\/\/avs-advisors.com\/de\/wp-json\/wp\/v2\/comments?post=6964"}],"version-history":[{"count":17,"href":"https:\/\/avs-advisors.com\/de\/wp-json\/wp\/v2\/pages\/6964\/revisions"}],"predecessor-version":[{"id":21516,"href":"https:\/\/avs-advisors.com\/de\/wp-json\/wp\/v2\/pages\/6964\/revisions\/21516"}],"wp:attachment":[{"href":"https:\/\/avs-advisors.com\/de\/wp-json\/wp\/v2\/media?parent=6964"}],"curies":[{"name":"wp","href":"https:\/\/api.w.org\/{rel}","templated":true}]}}