{"id":3407,"date":"2016-03-29T12:28:46","date_gmt":"2016-03-29T10:28:46","guid":{"rendered":"http:\/\/avs-advisors.com\/?page_id=3407"},"modified":"2023-09-19T14:09:49","modified_gmt":"2023-09-19T12:09:49","slug":"karriere","status":"publish","type":"page","link":"https:\/\/avs-advisors.com\/de\/karriere\/","title":{"rendered":"Karriere"},"content":{"rendered":"<div id='full_slider_1'  class='avia-fullwidth-slider main_color avia-shadow   avia-builder-el-0  el_before_av_one_full  avia-builder-el-first   container_wrap sidebar_right'  ><div  class='avia-slideshow av-mt5z0v-6eedeb4e4c81bc9271a08d492ba3239e avia-slideshow-featured av_slideshow_full avia-slide-slider av-slideshow-ui av-control-default av-slideshow-manual av-loop-once av-loop-manual-endless av-default-height-applied   avia-slideshow-1' data-slideshow-options=\"{&quot;animation&quot;:&quot;slide&quot;,&quot;autoplay&quot;:false,&quot;loop_autoplay&quot;:&quot;once&quot;,&quot;interval&quot;:5,&quot;loop_manual&quot;:&quot;manual-endless&quot;,&quot;autoplay_stopper&quot;:false,&quot;noNavigation&quot;:false,&quot;bg_slider&quot;:false,&quot;keep_padding&quot;:false,&quot;hoverpause&quot;:false,&quot;show_slide_delay&quot;:0}\"  itemprop=\"image\" itemscope=\"itemscope\" itemtype=\"https:\/\/schema.org\/ImageObject\" ><ul class='avia-slideshow-inner ' style='padding-bottom: 28.666666666667%;'><li  class='avia-slideshow-slide av-mt5z0v-6eedeb4e4c81bc9271a08d492ba3239e__0  av-single-slide slide-1 slide-odd'><div data-rel='slideshow-1' class='avia-slide-wrap '   ><img decoding=\"async\" class=\"wp-image-6436 avia-img-lazy-loading-not-6436\"  src=\"https:\/\/avs-advisors.com\/wp-content\/uploads\/2017\/09\/Careers-AvS-International-Trusted-Advisors.jpg\" width=\"1500\" height=\"430\" title='Careers-AvS-International-Trusted-Advisors' alt=''  itemprop=\"thumbnailUrl\" srcset=\"https:\/\/avs-advisors.com\/wp-content\/uploads\/2017\/09\/Careers-AvS-International-Trusted-Advisors.jpg 1500w, https:\/\/avs-advisors.com\/wp-content\/uploads\/2017\/09\/Careers-AvS-International-Trusted-Advisors-300x86.jpg 300w, https:\/\/avs-advisors.com\/wp-content\/uploads\/2017\/09\/Careers-AvS-International-Trusted-Advisors-768x220.jpg 768w, https:\/\/avs-advisors.com\/wp-content\/uploads\/2017\/09\/Careers-AvS-International-Trusted-Advisors-1030x295.jpg 1030w, https:\/\/avs-advisors.com\/wp-content\/uploads\/2017\/09\/Careers-AvS-International-Trusted-Advisors-705x202.jpg 705w, https:\/\/avs-advisors.com\/wp-content\/uploads\/2017\/09\/Careers-AvS-International-Trusted-Advisors-450x129.jpg 450w\" sizes=\"(max-width: 1500px) 100vw, 1500px\" \/><\/div><\/li><\/ul><\/div><\/div><div id='after_full_slider_1'  class='main_color av_default_container_wrap container_wrap sidebar_right'  ><div class='container av-section-cont-open' ><div class='template-page content  av-content-small alpha units'><div class='post-entry post-entry-type-page post-entry-3407'><div class='entry-content-wrapper clearfix'>\n\n<style type=\"text\/css\" data-created_by=\"avia_inline_auto\" id=\"style-css-av-j2bpxr-eed692ce14f714788db8eb707a164c0c\">\n.flex_column.av-j2bpxr-eed692ce14f714788db8eb707a164c0c{\n-webkit-border-radius:0px 0px 0px 0px;\n-moz-border-radius:0px 0px 0px 0px;\nborder-radius:0px 0px 0px 0px;\npadding:0px 0px 0px 0px;\n}\n<\/style>\n<div class='flex_column av-j2bpxr-eed692ce14f714788db8eb707a164c0c av_one_full  avia-builder-el-1  el_after_av_slideshow_full  el_before_av_section  avia-builder-el-no-sibling  first flex_column_div av-zero-column-padding '     ><p>\n<style type=\"text\/css\" data-created_by=\"avia_inline_auto\" id=\"style-css-av-h8yjfj-0425750be9461eb00992235f551f0a17\">\n#top .av-special-heading.av-h8yjfj-0425750be9461eb00992235f551f0a17{\npadding-bottom:10px;\n}\nbody .av-special-heading.av-h8yjfj-0425750be9461eb00992235f551f0a17 .av-special-heading-tag .heading-char{\nfont-size:25px;\n}\n.av-special-heading.av-h8yjfj-0425750be9461eb00992235f551f0a17 .av-subheading{\nfont-size:15px;\n}\n<\/style>\n<div  class='av-special-heading av-h8yjfj-0425750be9461eb00992235f551f0a17 av-special-heading-h2 blockquote modern-quote  avia-builder-el-2  el_before_av_textblock  avia-builder-el-first '><h2 class='av-special-heading-tag'  itemprop=\"headline\"  >Ihre Karriere<\/h2><div class=\"special-heading-border\"><div class=\"special-heading-inner-border\"><\/div><\/div><\/div><br \/>\n<section  class='av_textblock_section av-fj0lnj-6c7bbb64178302b5120e04da48427ce2'  itemscope=\"itemscope\" itemtype=\"https:\/\/schema.org\/CreativeWork\" ><div class='avia_textblock'  itemprop=\"text\" ><p>Als international t\u00e4tiges Beratungsunternehmen unterst\u00fctzen wir Unternehmer und Gesellschafter bei der Suche von F\u00fchrungskr\u00e4ften, der Evaluierung des Top-Managements sowie der Etablierung und Auswahl von Beir\u00e4ten. Auch beraten wir in grundlegenden Ver\u00e4nderungsprozessen, bei Nachfolgeplanung und Eigent\u00fcmerwechseln. Dabei setzen wir auf Klasse statt auf Masse und stellen Professionalit\u00e4t, Transparenz und Wertsch\u00e4tzung in den Mittelpunkt. Immer geleitet von dem Grundsatz: Wir wollen der professionelle, vertrauensw\u00fcrdige Ratgeber (\u201eTrusted Advisor\u201c) f\u00fcr unsere Klienten sein!<\/p>\n<\/div><\/section><\/p><\/div>\n<\/div><\/div><\/div><!-- close content main div --><\/div><\/div>\n<style type=\"text\/css\" data-created_by=\"avia_inline_auto\" id=\"style-css-av-dh8cnj-62bb7425b668b99121d9e16af6b3c868\">\n.avia-section.av-dh8cnj-62bb7425b668b99121d9e16af6b3c868{\nbackground-color:#fcfaef;\nbackground-image:unset;\n}\n<\/style>\n<div id='av_section_1'  class='avia-section av-dh8cnj-62bb7425b668b99121d9e16af6b3c868 main_color avia-section-default avia-no-shadow  avia-builder-el-4  el_after_av_one_full  avia-builder-el-last  avia-bg-style-scroll container_wrap sidebar_right'  ><div class='container av-section-cont-open' ><div class='template-page content  av-content-small alpha units'><div class='post-entry post-entry-type-page post-entry-3407'><div class='entry-content-wrapper clearfix'>\n\n<style type=\"text\/css\" data-created_by=\"avia_inline_auto\" id=\"style-css-av-1bl1an-df352a12fd40359d15bd4222b663a722\">\n.flex_column.av-1bl1an-df352a12fd40359d15bd4222b663a722{\n-webkit-border-radius:0px 0px 0px 0px;\n-moz-border-radius:0px 0px 0px 0px;\nborder-radius:0px 0px 0px 0px;\npadding:0px 0px 0px 0px;\n}\n<\/style>\n<div class='flex_column av-1bl1an-df352a12fd40359d15bd4222b663a722 av_one_full  avia-builder-el-5  avia-builder-el-no-sibling  first flex_column_div av-zero-column-padding '     ><p>\n<style type=\"text\/css\" data-created_by=\"avia_inline_auto\" id=\"style-css-av-4abewv-e8fc9c0844edb61c6a15e603df5b3abb\">\n#top .av-special-heading.av-4abewv-e8fc9c0844edb61c6a15e603df5b3abb{\npadding-bottom:10px;\n}\nbody .av-special-heading.av-4abewv-e8fc9c0844edb61c6a15e603df5b3abb .av-special-heading-tag .heading-char{\nfont-size:25px;\n}\n.av-special-heading.av-4abewv-e8fc9c0844edb61c6a15e603df5b3abb .av-subheading{\nfont-size:15px;\n}\n<\/style>\n<div  class='av-special-heading av-4abewv-e8fc9c0844edb61c6a15e603df5b3abb av-special-heading-h3 blockquote modern-quote  avia-builder-el-6  el_before_av_tab_container  avia-builder-el-first '><h3 class='av-special-heading-tag'  itemprop=\"headline\"  >Stellenangebote bei AvS Advisors<\/h3><div class=\"special-heading-border\"><div class=\"special-heading-inner-border\"><\/div><\/div><\/div><br \/>\n<div  class='tabcontainer av-8wgupb-ef8adc031a5a7dea9f05accb1b88d957 top_tab  avia-builder-el-7  el_after_av_heading  avia-builder-el-last ' role='tablist'>\n<section class='av_tab_section av_tab_section av-3ayp0f-b16b2daa03c4c7fa811174d8aab62e97'  itemscope=\"itemscope\" itemtype=\"https:\/\/schema.org\/CreativeWork\" ><div class='tab active_tab' role='tab' tabindex='0' data-fake-id='#tab-id-1' aria-controls='tab-id-1-content'  itemprop=\"headline\" ><span class='tab_icon' aria-hidden='true' data-av_icon='\ue80a' data-av_iconfont='entypo-fontello'><\/span>Research Analyst<\/div><div id='tab-id-1-content' class='tab_content active_tab_content' aria-hidden=\"false\"><div class='tab_inner_content invers-color'  itemprop=\"text\" ><p><strong>Wir haben das Richtige f\u00fcr Sie: Ihre Aufgaben &amp; Verantwortung<\/strong><\/p>\n<p>Unsere Philosophie gew\u00e4hrleistet, dass unsere Klienten immer an erster Stelle stehen. Auf der Grundlage unseres One-Firm-Konzepts arbeiten unsere Mitarbeiter standort- und l\u00e4nder\u00fcbergreifend zusammen, um individuelle Erfahrungen und Kompetenzen zu b\u00fcndeln \u2013 und so eine exzellente Beratungsleistung zu gew\u00e4hrleisten. Wir sind ein multinationales, mehrsprachiges Team und arbeiten von B\u00fcros in Frankfurt am Main, M\u00fcnchen, Berlin, Hamburg, Genf, Z\u00fcrich, Paris, London, Singapur und Bogot\u00e1 aus, erg\u00e4nzt durch ein Netzwerk von internationalen Kooperationspartnern. Wir agieren als erstklassige Managementberatungs-Boutique und verfolgen einen ma\u00dfgeschneiderten Ansatz, um unseren Klienten nachhaltige L\u00f6sungen f\u00fcr die Herausforderungen in den Bereichen Nachfolge, F\u00fchrung und Governance zu liefern.<\/p>\n<ul>\n<li>In enger Zusammenarbeit mit unseren Beratern steuern und koordinieren Sie nationale und internationale Projekte und sorgen f\u00fcr einen reibungslosen Projektablauf.<\/li>\n<li>Sie sind Teil der Projektteams und arbeiten zusammen mit den Beratern im engen Kontakt mit den Klienten weltweit.<\/li>\n<li>In Ihren Aufgabenbereich fallen s\u00e4mtliche Research-Themen \u2013 dies umfasst u.a. die Erstellung von Zielfirmenlisten und Talent-Pools, die Identifikation, und \u00dcberpr\u00fcfung relevanter Kandidaten sowie die Mitarbeit bei der Untersuchung von Branchen und M\u00e4rkten.<\/li>\n<li>Dar\u00fcber hinaus sind Sie verantwortlich f\u00fcr die Erstellung von Gesch\u00e4fts- und Projektunterlagen (Pr\u00e4sentationen, Berichte etc.) f\u00fcr Klienten sowie zur internen Abstimmung.<\/li>\n<li>Die Dokumentation der Projektfortschritte, die Beobachtung wichtiger Marktentwicklungen und die Erstellung von Marketing-Unterlagen geh\u00f6ren ebenso zu ihrem T\u00e4tigkeitsbereich wie ein kontinuierliches Knowledge-Management.<\/li>\n<li>Zudem koordinieren Sie die Anlage und Aktualisierung von Personen und Firmen in unserer Datenbank.<\/li>\n<li>Auch betreuen Sie die Erstellung unserer Publikation \u201eThe Trusted Advisor\u201c zusammen mit den Beratern.<\/li>\n<li>Kurzum: Sie sind der zentrale Ansprechpartner f\u00fcr alle projektbezogenen Themen, haben dabei Gestaltungsfreiraum, verbessern Prozesse und gestalten aktiv die Firmenentwicklung mit.<\/li>\n<\/ul>\n<p><strong>Sie haben das Richtige f\u00fcr uns: Ihr Profil<\/strong><\/p>\n<ul>\n<li>Sie verf\u00fcgen \u00fcber ein abgeschlossenes Hochschulstudium beziehungsweise stehen kurz vor Abschluss ihres Studiums.<\/li>\n<li>Idealerweise haben Sie bereits praktische Berufserfahrung in einer Professional Service Firm (z.B. Personalberatung, Strategieberatung, Wirtschaftspr\u00fcfung, Kanzlei, Marktforschung) gesammelt.<\/li>\n<li>Ihre funktionale Erfahrung fokussiert sich dabei auf die Konzeption, Planung und Umsetzung verschiedener Recherchen und Analysen rund um M\u00e4rkte, Unternehmen und Organisationsstrukturen.<\/li>\n<li>Dar\u00fcber hinaus haben Sie bereits Erfahrung in der Dokumentation von Prozessen sowie in der Vorbereitung von Reports und Pr\u00e4sentationen gesammelt.<\/li>\n<li>Sie stellen sicher, dass verschiedene Prozesse im Rahmen der Projektarbeit sicher ablaufen und demonstrieren dabei ein gutes Zeitmanagement, schnelle Lernf\u00e4higkeit sowie strukturiertes, verl\u00e4ssliches und selbst\u00e4ndiges Arbeiten.<\/li>\n<li>Ihr Arbeitsstil kann als akkurat, methodisch und stets verl\u00e4sslich beschrieben werden und Sie verf\u00fcgen \u00fcber eine ausgepr\u00e4gte St\u00e4rke in der Priorisierung von Aufgaben und im Zeitmanagement.<\/li>\n<li>Wir suchen eine offene, freundliche Pers\u00f6nlichkeit mit einem hohen Ma\u00df an Professionalit\u00e4t, Qualit\u00e4tsorientierung und guten kommunikativen F\u00e4higkeiten.<\/li>\n<li>Sie k\u00f6nnen sowohl mit Klienten als auch Kollegen in einer selbstsicheren und dienstleistungsorientierten Art und Weise kommunizieren.<\/li>\n<li>Deutsch auf muttersprachlichem Niveau und gute Englischkenntnisse (schriftlich wie m\u00fcndlich) sind dabei eine Voraussetzung, ebenso wie die zielsichere Anwendung des MS Office-Pakets.<\/li>\n<\/ul>\n<p><strong>Ihre M\u00f6glichkeiten<\/strong><\/p>\n<p>Wir bieten Ihnen eine interessante, abwechslungsreiche T\u00e4tigkeit in internationalem Arbeitsumfeld mit vielf\u00e4ltigen Einblicken in Fragestellungen rund um Strategie, Organisation und Personal. Wir stehen f\u00fcr eine Kultur der gegenseitigen Wertsch\u00e4tzung, mit hilfsbereiten und engagierten Kollegen sowie offenen T\u00fcren und kurzen Kommunikationswegen. Auch setzen wir uns daf\u00fcr ein, eine gerechte, vielf\u00e4ltige und inklusive Arbeitsumgebung zu gew\u00e4hrleisten, indem wir alle Menschen gleich und respektvoll behandeln \u2013 unabh\u00e4ngig von Geschlecht und geschlechtlicher Identit\u00e4t, Nationalit\u00e4t, ethnischer Herkunft, Religion oder Weltanschauung, Behinderung, Alter, sozialer Herkunft, sexueller Orientierung. Dar\u00fcber hinaus besteht die M\u00f6glichkeit, hybrid an unserem modernen und zentral gelegenen Office in Frankfurt am Main zu arbeiten.<\/p>\n<p><strong>Interessiert?<\/strong><\/p>\n<p>Dann freuen wir uns auf Ihre aussagekr\u00e4ftigen Bewerbungsunterlagen unter Angabe Ihrer Gehaltsvorstellung, die Sie bitte per E-Mail an <strong>career@avs-advisors.com<\/strong> schicken.<\/p>\n<p>Sie k\u00f6nnen sich darauf verlassen: <u>Wir melden uns bei Ihnen!<\/u><\/p>\n<p>Bei R\u00fcckfragen steht Ihnen ansonsten auch Tatjana Petrovic unter <strong>t.petrovic@avs-advisors.com<\/strong> gerne zur Verf\u00fcgung.<\/p>\n<\/div><\/div><\/section>\n<section class='av_tab_section av_tab_section av-5zy7gf-b7ed50660ed307597809a3109835be93'  itemscope=\"itemscope\" itemtype=\"https:\/\/schema.org\/CreativeWork\" ><div class='tab' role='tab' tabindex='0' data-fake-id='#tab-id-2' aria-controls='tab-id-2-content'  itemprop=\"headline\" ><span class='tab_icon' aria-hidden='true' data-av_icon='\ue80a' data-av_iconfont='entypo-fontello'><\/span>Unternehmensberater<\/div><div id='tab-id-2-content' class='tab_content' aria-hidden=\"true\"><div class='tab_inner_content invers-color'  itemprop=\"text\" ><p>Wir sind immer auf der Suche nach neuen Kollegen, die uns bei der Beratung unserer Klienten unterst\u00fctzen. K\u00f6nnen Sie eine wertvolle Bereicherung f\u00fcr unsere Firma sein? Dann freuen wir uns sehr auf Ihre Bewerbung!<\/p>\n<p>Bitte senden Sie Ihre vollst\u00e4ndigen Bewerbungsunterlagen per E-Mail an career(at)avs-advisors.com<\/p>\n<\/div><\/div><\/section>\n<section class='av_tab_section av_tab_section av-2g10f3-62b842c623600dda0382895244873ded'  itemscope=\"itemscope\" itemtype=\"https:\/\/schema.org\/CreativeWork\" ><div class='tab' role='tab' tabindex='0' data-fake-id='#tab-id-3' aria-controls='tab-id-3-content'  itemprop=\"headline\" ><span class='tab_icon' aria-hidden='true' data-av_icon='\ue80a' data-av_iconfont='entypo-fontello'><\/span>Studentische Mitarbeiter:innen<\/div><div id='tab-id-3-content' class='tab_content' aria-hidden=\"true\"><div class='tab_inner_content invers-color'  itemprop=\"text\" ><p><strong>Wir haben das Richtige f\u00fcr Sie: Ihre Aufgaben &amp; Verantwortung<\/strong><\/p>\n<ul>\n<li>In enger Zusammenarbeit mit unseren Beratern steuern und koordinieren Sie nationale und internationale Projekte und sorgen f\u00fcr einen reibungslosen Projektablauf.<\/li>\n<li>Sie sind Teil der Projektteams und arbeiten zusammen mit den Beratern im engen Kontakt mit den Klienten weltweit.<\/li>\n<li>In Ihren Aufgabenbereich fallen s\u00e4mtliche Research-Themen \u2013 dies umfasst u.a. die Erstellung von Zielfirmenlisten und Talent-Pools, die Identifikation, und \u00dcberpr\u00fcfung relevanter Kandidaten sowie die Mitarbeit bei der Untersuchung von Branchen und M\u00e4rkten.<\/li>\n<li>Dar\u00fcber hinaus sind Sie verantwortlich f\u00fcr die Erstellung von Gesch\u00e4fts- und Projektunterlagen (Pr\u00e4sentationen, Berichte etc.) f\u00fcr Klienten sowie zur internen Abstimmung.<\/li>\n<li>Zudem koordinieren Sie die Anlage und Aktualisierung von Personen und Firmen in unserer Datenbank.<\/li>\n<li>Auch betreuen Sie die Erstellung unserer Publikation \u201eThe Trusted Advisor\u201c zusammen mit den Beratern.<\/li>\n<li>Kurzum: Sie sind der zentrale Ansprechpartner f\u00fcr alle projektbezogenen Themen, haben dabei Gestaltungsfreiraum, verbessern Prozesse und gestalten aktiv die Firmenentwicklung mit.<\/li>\n<\/ul>\n<p><strong>Sie haben das Richtige f\u00fcr uns: Ihr Profil<\/strong><\/p>\n<ul>\n<li>In ihrem Studium haben Sie idealerweise bereits praktische Berufserfahrung in einer Professional Service Firm (z.B. Personalberatung, Strategieberatung, Wirtschaftspr\u00fcfung, Marktforschung) gesammelt.<\/li>\n<li>Ihre funktionale Erfahrung fokussiert sich dabei auf die Konzeption, Planung und Umsetzung verschiedener Recherchen und Analysen rund um M\u00e4rkte, Unternehmen und Organisationsstrukturen.<\/li>\n<li>Dar\u00fcber hinaus haben Sie bereits Erfahrung in der Dokumentation von Prozessen sowie in der Vorbereitung von Reports und Pr\u00e4sentationen gesammelt.<\/li>\n<li>Sie stellen sicher, dass verschiedene Prozesse im Rahmen der Projektarbeit sicher ablaufen und demonstrieren, dabei ein gutes Zeitmanagement, schnelle Lernf\u00e4higkeit sowie strukturiertes, verl\u00e4ssliches und selbst\u00e4ndiges Arbeiten.<\/li>\n<li>Wir suchen eine offene, freundliche Pers\u00f6nlichkeit mit einem hohen Ma\u00df an Professionalit\u00e4t, Qualit\u00e4tsorientierung und guten kommunikativen F\u00e4higkeiten.<\/li>\n<li>Sehr gute Deutsch- und Englischkenntnisse (schriftlich wie m\u00fcndlich) sind dabei eine Voraussetzung, ebenso wie die zielsichere Anwendung des MS Office-Pakets.<\/li>\n<\/ul>\n<p><strong>Ihre M\u00f6glichkeiten<\/strong><\/p>\n<ul>\n<li>Wir bieten Ihnen eine interessante, abwechslungsreiche T\u00e4tigkeit in internationalem Arbeitsumfeld mit vielf\u00e4ltigen Einblicken in Fragestellungen rund um Strategie, Organisation und Personal.<\/li>\n<li>Anspruchsvolle Aufgaben als gesch\u00e4tztes Mitglied eines professionellen Teams.<\/li>\n<li>Kennenlernen verschiedener Branchen &amp; strategische Einblicke in Top-Unternehmen.<\/li>\n<li>Kurze Kommunikationswege, offene T\u00fcren und hilfsbereite, engagierte Kollegen.<\/li>\n<li>Flexible Einstiegsdaten und Arbeitszeiten (ca. 15-20 Stunden pro Woche halbtags oder ganztags).<\/li>\n<li>Ber\u00fccksichtigung Ihrer studentischen Verpflichtungen.<\/li>\n<li>Mobiles Arbeiten (Remote Work).<\/li>\n<li>Ein sch\u00f6nes Altbau-B\u00fcro mit Garten direkt am Mainufer, fu\u00dfl\u00e4ufig zu Restaurants, Caf\u00e9s und Bars im Bahnhofsviertel.<\/li>\n<li>Perspektive einer festen Anstellung nach Abschluss des Studiums.<\/li>\n<\/ul>\n<p><strong>Interessiert?<\/strong><\/p>\n<p>Dann freuen wir uns auf Ihre Bewerbungsunterlagen, die Sie bitte per E-Mail an<strong> career@avs-advisors.com<\/strong> schicken.<\/p>\n<p>Sie k\u00f6nnen sich darauf verlassen: <u>Wir melden uns bei Ihnen!<\/u><\/p>\n<p>Bei R\u00fcckfragen steht Ihnen ansonsten auch Tatjana Petrovic unter <strong>t.petrovic@avs-advisors.com<\/strong> gerne zur Verf\u00fcgung.<\/p>\n<p><a href=\"https:\/\/avs-advisors.com\/wp-content\/uploads\/2022\/02\/AvS_Stellenanzeige_Studentische-Mitarbeiter_Jan22.pdf\" target=\"_blank\" rel=\"noopener\">Stellenanzeige als PDF<\/a><\/p>\n<\/div><\/div><\/section>\n<\/div><\/p><\/div><\/div><\/div><\/div><!-- close content main div --><\/div><\/div><div id='after_section_1'  class='main_color av_default_container_wrap container_wrap sidebar_right'  ><div class='container av-section-cont-open' ><div class='template-page content  av-content-small alpha units'><div class='post-entry post-entry-type-page post-entry-3407'><div class='entry-content-wrapper clearfix'>\n","protected":false},"excerpt":{"rendered":"","protected":false},"author":1,"featured_media":0,"parent":0,"menu_order":0,"comment_status":"closed","ping_status":"closed","template":"","meta":{"inline_featured_image":false,"footnotes":""},"yoast_head":"<!-- This site is optimized with the Yoast SEO plugin v21.6 - https:\/\/yoast.com\/wordpress\/plugins\/seo\/ -->\n<title>Karriere - AvS Advisors<\/title>\n<meta name=\"robots\" content=\"index, follow, max-snippet:-1, max-image-preview:large, max-video-preview:-1\" \/>\n<link rel=\"canonical\" href=\"https:\/\/avs-advisors.com\/de\/karriere\/\" \/>\n<meta property=\"og:locale\" content=\"de_DE\" \/>\n<meta property=\"og:type\" content=\"article\" \/>\n<meta property=\"og:title\" content=\"Karriere - AvS Advisors\" \/>\n<meta property=\"og:url\" content=\"https:\/\/avs-advisors.com\/de\/karriere\/\" \/>\n<meta property=\"og:site_name\" content=\"AvS Advisors\" \/>\n<meta property=\"article:modified_time\" content=\"2023-09-19T12:09:49+00:00\" \/>\n<meta name=\"twitter:card\" content=\"summary_large_image\" \/>\n<meta name=\"twitter:label1\" content=\"Gesch\u00e4tzte Lesezeit\" \/>\n\t<meta name=\"twitter:data1\" content=\"8\u00a0Minuten\" \/>\n<script type=\"application\/ld+json\" class=\"yoast-schema-graph\">{\"@context\":\"https:\/\/schema.org\",\"@graph\":[{\"@type\":\"WebPage\",\"@id\":\"https:\/\/avs-advisors.com\/de\/karriere\/\",\"url\":\"https:\/\/avs-advisors.com\/de\/karriere\/\",\"name\":\"Karriere - AvS Advisors\",\"isPartOf\":{\"@id\":\"https:\/\/avs-advisors.com\/#website\"},\"datePublished\":\"2016-03-29T10:28:46+00:00\",\"dateModified\":\"2023-09-19T12:09:49+00:00\",\"breadcrumb\":{\"@id\":\"https:\/\/avs-advisors.com\/de\/karriere\/#breadcrumb\"},\"inLanguage\":\"de\",\"potentialAction\":[{\"@type\":\"ReadAction\",\"target\":[\"https:\/\/avs-advisors.com\/de\/karriere\/\"]}]},{\"@type\":\"BreadcrumbList\",\"@id\":\"https:\/\/avs-advisors.com\/de\/karriere\/#breadcrumb\",\"itemListElement\":[{\"@type\":\"ListItem\",\"position\":1,\"name\":\"Home\",\"item\":\"https:\/\/avs-advisors.com\/de\/\"},{\"@type\":\"ListItem\",\"position\":2,\"name\":\"Karriere\"}]},{\"@type\":\"WebSite\",\"@id\":\"https:\/\/avs-advisors.com\/#website\",\"url\":\"https:\/\/avs-advisors.com\/\",\"name\":\"AvS Advisors\",\"description\":\"Welcome\",\"publisher\":{\"@id\":\"https:\/\/avs-advisors.com\/#organization\"},\"potentialAction\":[{\"@type\":\"SearchAction\",\"target\":{\"@type\":\"EntryPoint\",\"urlTemplate\":\"https:\/\/avs-advisors.com\/?s={search_term_string}\"},\"query-input\":\"required name=search_term_string\"}],\"inLanguage\":\"de\"},{\"@type\":\"Organization\",\"@id\":\"https:\/\/avs-advisors.com\/#organization\",\"name\":\"Andreas von Specht \u2013 International Trusted Advisors GmbH\",\"url\":\"https:\/\/avs-advisors.com\/\",\"logo\":{\"@type\":\"ImageObject\",\"inLanguage\":\"de\",\"@id\":\"https:\/\/avs-advisors.com\/#\/schema\/logo\/image\/\",\"url\":\"https:\/\/avs-advisors.com\/wp-content\/uploads\/2023\/02\/AvS_Pantone_Gruen_003.svg\",\"contentUrl\":\"https:\/\/avs-advisors.com\/wp-content\/uploads\/2023\/02\/AvS_Pantone_Gruen_003.svg\",\"width\":\"1030\",\"height\":\"1030\",\"caption\":\"Andreas von Specht \u2013 International Trusted Advisors GmbH\"},\"image\":{\"@id\":\"https:\/\/avs-advisors.com\/#\/schema\/logo\/image\/\"},\"sameAs\":[\"https:\/\/www.linkedin.com\/company\/2461737\"]}]}<\/script>\n<!-- \/ Yoast SEO plugin. -->","yoast_head_json":{"title":"Karriere - AvS Advisors","robots":{"index":"index","follow":"follow","max-snippet":"max-snippet:-1","max-image-preview":"max-image-preview:large","max-video-preview":"max-video-preview:-1"},"canonical":"https:\/\/avs-advisors.com\/de\/karriere\/","og_locale":"de_DE","og_type":"article","og_title":"Karriere - AvS Advisors","og_url":"https:\/\/avs-advisors.com\/de\/karriere\/","og_site_name":"AvS Advisors","article_modified_time":"2023-09-19T12:09:49+00:00","twitter_card":"summary_large_image","twitter_misc":{"Gesch\u00e4tzte Lesezeit":"8\u00a0Minuten"},"schema":{"@context":"https:\/\/schema.org","@graph":[{"@type":"WebPage","@id":"https:\/\/avs-advisors.com\/de\/karriere\/","url":"https:\/\/avs-advisors.com\/de\/karriere\/","name":"Karriere - AvS Advisors","isPartOf":{"@id":"https:\/\/avs-advisors.com\/#website"},"datePublished":"2016-03-29T10:28:46+00:00","dateModified":"2023-09-19T12:09:49+00:00","breadcrumb":{"@id":"https:\/\/avs-advisors.com\/de\/karriere\/#breadcrumb"},"inLanguage":"de","potentialAction":[{"@type":"ReadAction","target":["https:\/\/avs-advisors.com\/de\/karriere\/"]}]},{"@type":"BreadcrumbList","@id":"https:\/\/avs-advisors.com\/de\/karriere\/#breadcrumb","itemListElement":[{"@type":"ListItem","position":1,"name":"Home","item":"https:\/\/avs-advisors.com\/de\/"},{"@type":"ListItem","position":2,"name":"Karriere"}]},{"@type":"WebSite","@id":"https:\/\/avs-advisors.com\/#website","url":"https:\/\/avs-advisors.com\/","name":"AvS Advisors","description":"Welcome","publisher":{"@id":"https:\/\/avs-advisors.com\/#organization"},"potentialAction":[{"@type":"SearchAction","target":{"@type":"EntryPoint","urlTemplate":"https:\/\/avs-advisors.com\/?s={search_term_string}"},"query-input":"required name=search_term_string"}],"inLanguage":"de"},{"@type":"Organization","@id":"https:\/\/avs-advisors.com\/#organization","name":"Andreas von Specht \u2013 International Trusted Advisors GmbH","url":"https:\/\/avs-advisors.com\/","logo":{"@type":"ImageObject","inLanguage":"de","@id":"https:\/\/avs-advisors.com\/#\/schema\/logo\/image\/","url":"https:\/\/avs-advisors.com\/wp-content\/uploads\/2023\/02\/AvS_Pantone_Gruen_003.svg","contentUrl":"https:\/\/avs-advisors.com\/wp-content\/uploads\/2023\/02\/AvS_Pantone_Gruen_003.svg","width":"1030","height":"1030","caption":"Andreas von Specht \u2013 International Trusted Advisors GmbH"},"image":{"@id":"https:\/\/avs-advisors.com\/#\/schema\/logo\/image\/"},"sameAs":["https:\/\/www.linkedin.com\/company\/2461737"]}]}},"_links":{"self":[{"href":"https:\/\/avs-advisors.com\/de\/wp-json\/wp\/v2\/pages\/3407"}],"collection":[{"href":"https:\/\/avs-advisors.com\/de\/wp-json\/wp\/v2\/pages"}],"about":[{"href":"https:\/\/avs-advisors.com\/de\/wp-json\/wp\/v2\/types\/page"}],"author":[{"embeddable":true,"href":"https:\/\/avs-advisors.com\/de\/wp-json\/wp\/v2\/users\/1"}],"replies":[{"embeddable":true,"href":"https:\/\/avs-advisors.com\/de\/wp-json\/wp\/v2\/comments?post=3407"}],"version-history":[{"count":77,"href":"https:\/\/avs-advisors.com\/de\/wp-json\/wp\/v2\/pages\/3407\/revisions"}],"predecessor-version":[{"id":18518,"href":"https:\/\/avs-advisors.com\/de\/wp-json\/wp\/v2\/pages\/3407\/revisions\/18518"}],"wp:attachment":[{"href":"https:\/\/avs-advisors.com\/de\/wp-json\/wp\/v2\/media?parent=3407"}],"curies":[{"name":"wp","href":"https:\/\/api.w.org\/{rel}","templated":true}]}}