{"id":3387,"date":"2016-03-29T12:14:58","date_gmt":"2016-03-29T10:14:58","guid":{"rendered":"http:\/\/avs-advisors.com\/?page_id=3387"},"modified":"2024-02-06T22:07:21","modified_gmt":"2024-02-06T21:07:21","slug":"beratung-alt","status":"publish","type":"page","link":"https:\/\/avs-advisors.com\/de\/beratung-alt\/","title":{"rendered":"Beratung-Alt"},"content":{"rendered":"<div id='full_slider_1'  class='avia-fullwidth-slider main_color avia-shadow   avia-builder-el-0  el_before_av_heading  avia-builder-el-first   container_wrap sidebar_right'  ><div  class='avia-slideshow av-qy29or-1d0e3e527c33fc11ff3e42b1e2191cc9 avia-slideshow-featured av_slideshow_full avia-fade-slider av-slideshow-ui av-control-hidden av-no-slider-navigation av-hide-nav-arrows av-slideshow-autoplay av-loop-endless av-loop-manual-endless av-default-height-applied   avia-slideshow-1' data-slideshow-options=\"{&quot;animation&quot;:&quot;fade&quot;,&quot;autoplay&quot;:true,&quot;loop_autoplay&quot;:&quot;endless&quot;,&quot;interval&quot;:4,&quot;loop_manual&quot;:&quot;manual-endless&quot;,&quot;autoplay_stopper&quot;:false,&quot;noNavigation&quot;:true,&quot;bg_slider&quot;:false,&quot;keep_padding&quot;:false,&quot;hoverpause&quot;:false,&quot;show_slide_delay&quot;:0}\"  itemprop=\"image\" itemscope=\"itemscope\" itemtype=\"https:\/\/schema.org\/ImageObject\" ><ul class='avia-slideshow-inner ' style='padding-bottom: 28.666666666667%;'><li  class='avia-slideshow-slide av-qy29or-1d0e3e527c33fc11ff3e42b1e2191cc9__0  slide-1 slide-odd'><div data-rel='slideshow-1' class='avia-slide-wrap '   ><img decoding=\"async\" class=\"wp-image-6827 avia-img-lazy-loading-not-6827\"  src=\"https:\/\/avs-advisors.com\/wp-content\/uploads\/2018\/02\/AvS_Keyword_Slider_web_1.jpg\" width=\"1500\" height=\"430\" title='AvS_Keyword_Slider_web_1' alt=''  itemprop=\"thumbnailUrl\" srcset=\"https:\/\/avs-advisors.com\/wp-content\/uploads\/2018\/02\/AvS_Keyword_Slider_web_1.jpg 1500w, https:\/\/avs-advisors.com\/wp-content\/uploads\/2018\/02\/AvS_Keyword_Slider_web_1-300x86.jpg 300w, https:\/\/avs-advisors.com\/wp-content\/uploads\/2018\/02\/AvS_Keyword_Slider_web_1-768x220.jpg 768w, https:\/\/avs-advisors.com\/wp-content\/uploads\/2018\/02\/AvS_Keyword_Slider_web_1-1030x295.jpg 1030w, https:\/\/avs-advisors.com\/wp-content\/uploads\/2018\/02\/AvS_Keyword_Slider_web_1-705x202.jpg 705w, https:\/\/avs-advisors.com\/wp-content\/uploads\/2018\/02\/AvS_Keyword_Slider_web_1-450x129.jpg 450w\" sizes=\"(max-width: 1500px) 100vw, 1500px\" \/><\/div><\/li><li  class='avia-slideshow-slide av-qy29or-1d0e3e527c33fc11ff3e42b1e2191cc9__1  slide-2 slide-even'><div data-rel='slideshow-1' class='avia-slide-wrap '   ><img decoding=\"async\" class=\"wp-image-12935 avia-img-lazy-loading-not-12935\"  src=\"https:\/\/avs-advisors.com\/wp-content\/uploads\/2020\/09\/AvS\u2013International-Trusted-Advisors_1500x430_872.jpg\" width=\"1500\" height=\"430\" title='AvS\u2013International-Trusted-Advisors_1500x430_872' alt=''  itemprop=\"thumbnailUrl\" srcset=\"https:\/\/avs-advisors.com\/wp-content\/uploads\/2020\/09\/AvS\u2013International-Trusted-Advisors_1500x430_872.jpg 1500w, https:\/\/avs-advisors.com\/wp-content\/uploads\/2020\/09\/AvS\u2013International-Trusted-Advisors_1500x430_872-300x86.jpg 300w, https:\/\/avs-advisors.com\/wp-content\/uploads\/2020\/09\/AvS\u2013International-Trusted-Advisors_1500x430_872-1030x295.jpg 1030w, https:\/\/avs-advisors.com\/wp-content\/uploads\/2020\/09\/AvS\u2013International-Trusted-Advisors_1500x430_872-768x220.jpg 768w, https:\/\/avs-advisors.com\/wp-content\/uploads\/2020\/09\/AvS\u2013International-Trusted-Advisors_1500x430_872-705x202.jpg 705w, https:\/\/avs-advisors.com\/wp-content\/uploads\/2020\/09\/AvS\u2013International-Trusted-Advisors_1500x430_872-450x129.jpg 450w\" sizes=\"(max-width: 1500px) 100vw, 1500px\" \/><\/div><\/li><li  class='avia-slideshow-slide av-qy29or-1d0e3e527c33fc11ff3e42b1e2191cc9__2  slide-3 slide-odd'><div data-rel='slideshow-1' class='avia-slide-wrap '   ><img decoding=\"async\" class=\"wp-image-6831 avia-img-lazy-loading-not-6831\"  src=\"https:\/\/avs-advisors.com\/wp-content\/uploads\/2018\/02\/AvS_Keyword_Slider_web_2.jpg\" width=\"1500\" height=\"430\" title='AvS_Keyword_Slider_web_2' alt=''  itemprop=\"thumbnailUrl\" srcset=\"https:\/\/avs-advisors.com\/wp-content\/uploads\/2018\/02\/AvS_Keyword_Slider_web_2.jpg 1500w, https:\/\/avs-advisors.com\/wp-content\/uploads\/2018\/02\/AvS_Keyword_Slider_web_2-300x86.jpg 300w, https:\/\/avs-advisors.com\/wp-content\/uploads\/2018\/02\/AvS_Keyword_Slider_web_2-768x220.jpg 768w, https:\/\/avs-advisors.com\/wp-content\/uploads\/2018\/02\/AvS_Keyword_Slider_web_2-1030x295.jpg 1030w, https:\/\/avs-advisors.com\/wp-content\/uploads\/2018\/02\/AvS_Keyword_Slider_web_2-705x202.jpg 705w, https:\/\/avs-advisors.com\/wp-content\/uploads\/2018\/02\/AvS_Keyword_Slider_web_2-450x129.jpg 450w\" sizes=\"(max-width: 1500px) 100vw, 1500px\" \/><\/div><\/li><li  class='avia-slideshow-slide av-qy29or-1d0e3e527c33fc11ff3e42b1e2191cc9__3  slide-4 slide-even'><div data-rel='slideshow-1' class='avia-slide-wrap '   ><img decoding=\"async\" class=\"wp-image-12931 avia-img-lazy-loading-not-12931\"  src=\"https:\/\/avs-advisors.com\/wp-content\/uploads\/2020\/09\/AvS\u2013International-Trusted-Advisors_1500x430_827.jpg\" width=\"1500\" height=\"430\" title='AvS\u2013International-Trusted-Advisors_1500x430_827' alt=''  itemprop=\"thumbnailUrl\" srcset=\"https:\/\/avs-advisors.com\/wp-content\/uploads\/2020\/09\/AvS\u2013International-Trusted-Advisors_1500x430_827.jpg 1500w, https:\/\/avs-advisors.com\/wp-content\/uploads\/2020\/09\/AvS\u2013International-Trusted-Advisors_1500x430_827-300x86.jpg 300w, https:\/\/avs-advisors.com\/wp-content\/uploads\/2020\/09\/AvS\u2013International-Trusted-Advisors_1500x430_827-1030x295.jpg 1030w, https:\/\/avs-advisors.com\/wp-content\/uploads\/2020\/09\/AvS\u2013International-Trusted-Advisors_1500x430_827-768x220.jpg 768w, https:\/\/avs-advisors.com\/wp-content\/uploads\/2020\/09\/AvS\u2013International-Trusted-Advisors_1500x430_827-705x202.jpg 705w, https:\/\/avs-advisors.com\/wp-content\/uploads\/2020\/09\/AvS\u2013International-Trusted-Advisors_1500x430_827-450x129.jpg 450w\" sizes=\"(max-width: 1500px) 100vw, 1500px\" \/><\/div><\/li><li  class='avia-slideshow-slide av-qy29or-1d0e3e527c33fc11ff3e42b1e2191cc9__4  slide-5 slide-odd'><div data-rel='slideshow-1' class='avia-slide-wrap '   ><img decoding=\"async\" class=\"wp-image-6835 avia-img-lazy-loading-not-6835\"  src=\"https:\/\/avs-advisors.com\/wp-content\/uploads\/2018\/02\/AvS_Keyword_Slider_web_3.jpg\" width=\"1500\" height=\"430\" title='AvS_Keyword_Slider_web_3' alt=''  itemprop=\"thumbnailUrl\" srcset=\"https:\/\/avs-advisors.com\/wp-content\/uploads\/2018\/02\/AvS_Keyword_Slider_web_3.jpg 1500w, https:\/\/avs-advisors.com\/wp-content\/uploads\/2018\/02\/AvS_Keyword_Slider_web_3-300x86.jpg 300w, https:\/\/avs-advisors.com\/wp-content\/uploads\/2018\/02\/AvS_Keyword_Slider_web_3-768x220.jpg 768w, https:\/\/avs-advisors.com\/wp-content\/uploads\/2018\/02\/AvS_Keyword_Slider_web_3-1030x295.jpg 1030w, https:\/\/avs-advisors.com\/wp-content\/uploads\/2018\/02\/AvS_Keyword_Slider_web_3-705x202.jpg 705w, https:\/\/avs-advisors.com\/wp-content\/uploads\/2018\/02\/AvS_Keyword_Slider_web_3-450x129.jpg 450w\" sizes=\"(max-width: 1500px) 100vw, 1500px\" \/><\/div><\/li><li  class='avia-slideshow-slide av-qy29or-1d0e3e527c33fc11ff3e42b1e2191cc9__5  slide-6 slide-even'><div data-rel='slideshow-1' class='avia-slide-wrap '   ><img decoding=\"async\" class=\"wp-image-6556 avia-img-lazy-loading-not-6556\"  src=\"https:\/\/avs-advisors.com\/wp-content\/uploads\/2017\/09\/Logo-Cufflink-AvS-International-Trusted-Advisors.jpg\" width=\"1500\" height=\"430\" title='Logo-Cufflink-AvS-International-Trusted-Advisors' alt=''  itemprop=\"thumbnailUrl\" srcset=\"https:\/\/avs-advisors.com\/wp-content\/uploads\/2017\/09\/Logo-Cufflink-AvS-International-Trusted-Advisors.jpg 1500w, https:\/\/avs-advisors.com\/wp-content\/uploads\/2017\/09\/Logo-Cufflink-AvS-International-Trusted-Advisors-300x86.jpg 300w, https:\/\/avs-advisors.com\/wp-content\/uploads\/2017\/09\/Logo-Cufflink-AvS-International-Trusted-Advisors-768x220.jpg 768w, https:\/\/avs-advisors.com\/wp-content\/uploads\/2017\/09\/Logo-Cufflink-AvS-International-Trusted-Advisors-1030x295.jpg 1030w, https:\/\/avs-advisors.com\/wp-content\/uploads\/2017\/09\/Logo-Cufflink-AvS-International-Trusted-Advisors-705x202.jpg 705w, https:\/\/avs-advisors.com\/wp-content\/uploads\/2017\/09\/Logo-Cufflink-AvS-International-Trusted-Advisors-450x129.jpg 450w\" sizes=\"(max-width: 1500px) 100vw, 1500px\" \/><\/div><\/li><\/ul><div class='avia-slideshow-arrows avia-slideshow-controls' ><a href='#prev' class='prev-slide ' aria-hidden='true' data-av_icon='\ue87c' data-av_iconfont='entypo-fontello'  tabindex='-1'>Zur\u00fcck<\/a><a href='#next' class='next-slide ' aria-hidden='true' data-av_icon='\ue87d' data-av_iconfont='entypo-fontello'  tabindex='-1'>Weiter<\/a><\/div><\/div><\/div><div id='after_full_slider_1'  class='main_color av_default_container_wrap container_wrap sidebar_right'  ><div class='container av-section-cont-open' ><div class='template-page content  av-content-small alpha units'><div class='post-entry post-entry-type-page post-entry-3387'><div class='entry-content-wrapper clearfix'>\n\n<style type=\"text\/css\" data-created_by=\"avia_inline_auto\" id=\"style-css-av-av_heading-9daea09ffdcc3c36370b7e409872716b\">\n#top .av-special-heading.av-av_heading-9daea09ffdcc3c36370b7e409872716b{\npadding-bottom:10px;\n}\nbody .av-special-heading.av-av_heading-9daea09ffdcc3c36370b7e409872716b .av-special-heading-tag .heading-char{\nfont-size:25px;\n}\n.av-special-heading.av-av_heading-9daea09ffdcc3c36370b7e409872716b .av-subheading{\nfont-size:15px;\n}\n<\/style>\n<div  class='av-special-heading av-av_heading-9daea09ffdcc3c36370b7e409872716b av-special-heading-h2 blockquote modern-quote  avia-builder-el-1  el_after_av_slideshow_full  el_before_av_textblock  avia-builder-el-first '><h2 class='av-special-heading-tag'  itemprop=\"headline\"  >Beratung zu Governance und F\u00fchrung<\/h2><div class=\"special-heading-border\"><div class=\"special-heading-inner-border\"><\/div><\/div><\/div>\n<section  class='av_textblock_section av-dueo97-222718990f797c1f786954852587e339'  itemscope=\"itemscope\" itemtype=\"https:\/\/schema.org\/CreativeWork\" ><div class='avia_textblock'  itemprop=\"text\" ><p>Wir beraten Entscheidungstr\u00e4ger in allen wichtigen Fragestellungen rund um Unternehmensverfassung und F\u00fchrungsstruktur.<\/p>\n<p>Unsere Klienten sind h\u00e4ufig Inhaber, Beiratsvorsitzende oder Gesch\u00e4ftsf\u00fchrer von Unternehmen, die von einem begrenzten Gesellschafterkreis gehalten werden.<\/p>\n<p style=\"text-align: justify;\">In vielen F\u00e4llen handelt es sich um Familienunternehmen \u2013 manchmal aber auch um Portfolio-Unternehmen oder b\u00f6rsennotierte Gruppen, die stark von einer Unternehmerfamilie beeinflusst werden.<\/p>\n<\/div><\/section>\n\n<style type=\"text\/css\" data-created_by=\"avia_inline_auto\" id=\"style-css-av-16mx8r-772af5a27b6c45e1c0083828bda6404d\">\n#top .hr.hr-invisible.av-16mx8r-772af5a27b6c45e1c0083828bda6404d{\nheight:20px;\n}\n<\/style>\n<div  class='hr av-16mx8r-772af5a27b6c45e1c0083828bda6404d hr-invisible  avia-builder-el-3  el_after_av_textblock  el_before_av_one_half '><span class='hr-inner '><span class=\"hr-inner-style\"><\/span><\/span><\/div>\n<div class='flex_column_table av-6llizv-b9670183241221ebe0b709701cba087d sc-av_one_half av-equal-height-column-flextable'>\n<style type=\"text\/css\" data-created_by=\"avia_inline_auto\" id=\"style-css-av-6llizv-b9670183241221ebe0b709701cba087d\">\n.flex_column.av-6llizv-b9670183241221ebe0b709701cba087d{\nborder-width:1px;\nborder-color:#dddddd;\nborder-style:solid;\n-webkit-border-radius:0px 0px 0px 0px;\n-moz-border-radius:0px 0px 0px 0px;\nborder-radius:0px 0px 0px 0px;\npadding:25px 25px 25px 25px;\nbackground-color:#fcfaef;\n}\n<\/style>\n<div class='flex_column av-6llizv-b9670183241221ebe0b709701cba087d av_one_half  avia-builder-el-4  el_after_av_hr  el_before_av_one_half  first flex_column_table_cell av-equal-height-column av-align-top '     ><p>\n<style type=\"text\/css\" data-created_by=\"avia_inline_auto\" id=\"style-css-av-4uyxvf-d0f3ea11df0d51e4d0ad2627eecf2384\">\n#top .av-special-heading.av-4uyxvf-d0f3ea11df0d51e4d0ad2627eecf2384{\npadding-bottom:21px;\n}\nbody .av-special-heading.av-4uyxvf-d0f3ea11df0d51e4d0ad2627eecf2384 .av-special-heading-tag .heading-char{\nfont-size:25px;\n}\n.av-special-heading.av-4uyxvf-d0f3ea11df0d51e4d0ad2627eecf2384 .av-subheading{\nfont-size:15px;\n}\n<\/style>\n<div  class='av-special-heading av-4uyxvf-d0f3ea11df0d51e4d0ad2627eecf2384 av-special-heading-h2  avia-builder-el-5  el_before_av_textblock  avia-builder-el-first '><h2 class='av-special-heading-tag'  itemprop=\"headline\"  >F\u00dcHRUNG<\/h2><div class=\"special-heading-border\"><div class=\"special-heading-inner-border\"><\/div><\/div><\/div><br \/>\n<section  class='av_textblock_section av-8sn7v-b30697a25476aa2d4531bf4c85463c36'  itemscope=\"itemscope\" itemtype=\"https:\/\/schema.org\/CreativeWork\" ><div class='avia_textblock'  itemprop=\"text\" ><p><strong>Identifikation, Bewertung und Integration von Unternehmensf\u00fchrern<\/strong><\/p>\n<p>Die Identifikation, Auswahl und Bewertung von Unternehmensf\u00fchrern und F\u00fchrungstalenten ist ein anspruchsvoller, zeitraubender und oftmals kritischer Prozess f\u00fcr Inhaber, Gesellschafter oder Beir\u00e4te. Ein wichtiger Teil unserer Arbeit ist die Unterst\u00fctzung unserer Klienten bei entsprechenden Nachfolgen und der Besetzung von zentralen F\u00fchrungspositionen. Wir helfen, die Anforderungen und Auswahlkriterien f\u00fcr Aufsichts- und F\u00fchrungsfunktionen zu definieren, identifizieren und bewerten weltweit Kandidaten und unterst\u00fctzen unsere Klienten bei der Auswahl, Vertragsgestaltung und Integration von F\u00fchrungskr\u00e4ften.<\/p>\n<ul>\n<li>Nachfolgemanagement f\u00fcr die oberste F\u00fchrungsebene<\/li>\n<li>Nachfolge von Aufsichts- und Beir\u00e4ten<\/li>\n<li>Aktives Management der Integration von F\u00fchrungskr\u00e4ften<\/li>\n<li>Individuelle Begleitung von Unternehmern, Gesellschaftern, Aufsichts- und Beir\u00e4ten<\/li>\n<\/ul>\n<p><strong>Bewertung von Beir\u00e4ten und F\u00fchrungskr\u00e4ften<\/strong><\/p>\n<p>Wir unterst\u00fctzen unsere Klienten bei der Bewertung von Unternehmensf\u00fchrern, Aufsichtsr\u00e4ten und Management-Teams und helfen in der Beurteilung, ob die Organisation \u00fcber das f\u00fcr den zuk\u00fcnftigen Erfolg notwendige F\u00fchrungspersonal verf\u00fcgt.<\/p>\n<ul>\n<li>Management-Potential-Analyse (\u201eMPA\u201c)<\/li>\n<li>Evaluierung &amp; Professionalisierung von Aufsichts- und Beir\u00e4ten<\/li>\n<\/ul>\n<\/div><\/section><\/p><\/div>\n<div class='av-flex-placeholder'><\/div>\n<style type=\"text\/css\" data-created_by=\"avia_inline_auto\" id=\"style-css-av-aq1qyz-67761e302db072650d4dd303451a3e6f\">\n.flex_column.av-aq1qyz-67761e302db072650d4dd303451a3e6f{\nborder-width:1px;\nborder-color:#dddddd;\nborder-style:solid;\n-webkit-border-radius:0px 0px 0px 0px;\n-moz-border-radius:0px 0px 0px 0px;\nborder-radius:0px 0px 0px 0px;\npadding:25px 25px 25px 25px;\nbackground-color:#fcfaef;\n}\n<\/style>\n<div class='flex_column av-aq1qyz-67761e302db072650d4dd303451a3e6f av_one_half  avia-builder-el-7  el_after_av_one_half  avia-builder-el-last  flex_column_table_cell av-equal-height-column av-align-top '     ><p>\n<style type=\"text\/css\" data-created_by=\"avia_inline_auto\" id=\"style-css-av-8z2iln-d0c29759a7587b7de1379450f310b638\">\n#top .av-special-heading.av-8z2iln-d0c29759a7587b7de1379450f310b638{\npadding-bottom:21px;\n}\nbody .av-special-heading.av-8z2iln-d0c29759a7587b7de1379450f310b638 .av-special-heading-tag .heading-char{\nfont-size:25px;\n}\n.av-special-heading.av-8z2iln-d0c29759a7587b7de1379450f310b638 .av-subheading{\nfont-size:15px;\n}\n<\/style>\n<div  class='av-special-heading av-8z2iln-d0c29759a7587b7de1379450f310b638 av-special-heading-h2  avia-builder-el-8  el_before_av_textblock  avia-builder-el-first '><h2 class='av-special-heading-tag'  itemprop=\"headline\"  >GOVERNANCE<\/h2><div class=\"special-heading-border\"><div class=\"special-heading-inner-border\"><\/div><\/div><\/div><br \/>\n<section  class='av_textblock_section av-6sul57-520ef6562d68a2eb8acc71c431c1fb85'  itemscope=\"itemscope\" itemtype=\"https:\/\/schema.org\/CreativeWork\" ><div class='avia_textblock'  itemprop=\"text\" ><p><strong>Beratung zu Unternehmensverfassung und Organisation<\/strong><\/p>\n<p>Ein wichtiger Teil unserer Beratung konzentriert sich auf die Erarbeitung und Unterst\u00fctzung bei der Implementierung von \u201eGovernance\u201c-Strukturen insbesondere in Unternehmen in privater Hand. Unsere Berater verf\u00fcgen \u00fcber umfangreiche Erfahrung sowohl in Themen der Unternehmensverfassung (\u201eCorporate Governance\u201c) als auch in der Erarbeitung von Familienverfassungen (\u201eFamily Governance\u201c). Wir analysieren vorhandene Strukturen und zeigen m\u00f6gliche Erg\u00e4nzungen oder Ver\u00e4nderungen auf. Zudem moderieren wir Prozesse, die mit Blick auf die gew\u00fcnschte Unternehmensf\u00fchrung zu einem gemeinsamen Verst\u00e4ndnis und klaren Verabredungen im Kreis von Gesellschaftern und anderen Anspruchsgruppen f\u00fchren.<\/p>\n<ul>\n<li>Corporate Governance-Strukturen<\/li>\n<li>Familienverfassungen<\/li>\n<li>Gemeinsame Willensbildung im Gesellschafterkreis<\/li>\n<\/ul>\n<p><strong>Eigent\u00fcmerstrategie, Nachfolgeplanung und Mediation<\/strong><\/p>\n<p>Wir unterst\u00fctzen unsere Klienten bei der Entwicklung und Definition von Inhalten, Leitlinien und Regelwerken, um eine klare und \u00fcber Generationen tragf\u00e4hige Unternehmensverfassung zu schaffen. Damit diese langfristig und nachhaltig akzeptiert wird, muss sie auf den grundlegenden strategischen Zielen sowie den elementaren Werten der Inhaber gegr\u00fcndet sein. H\u00e4ufig unterst\u00fctzen wir Gesellschafterkreise bei der Entwicklung eines gemeinsamen Verst\u00e4ndnisses f\u00fcr die Werte, Prinzipien und die Zukunftsperspektive ihres Unternehmens. Dabei k\u00f6nnen aufkommende oder versteckte Interessensunterschiede offengelegt und bearbeitet werden \u2013 oder bereits bestehende Konflikte zwischen Gesellschaftern \u00fcber ein Mediationsverfahren entsch\u00e4rft und m\u00f6glichst gel\u00f6st werden. Dies kann in der Folge dann die Planung und reibungslose Implementierung einer Nachfolge in der Unternehmensf\u00fchrung nach sich ziehen.<\/p>\n<ul>\n<li>Grundprinzipien und \u201cSpielregeln\u201d<\/li>\n<li>Selbstverst\u00e4ndnis von Unternehmerfamilien \/ Festlegung von Unternehmenszweck und Grundwerten<\/li>\n<li>Generationswechsel im Gesellschafterkreis \/ Nachfolgeplanung<\/li>\n<li>Vorbereitung der Nachfolgegeneration<\/li>\n<li>Konfliktmanagement \/ Streitbeilegung \/ Mediation im Gesellschafterkreis<\/li>\n<\/ul>\n<\/div><\/section><\/p><\/div><\/div><!--close column table wrapper. Autoclose: 1 -->\n","protected":false},"excerpt":{"rendered":"","protected":false},"author":1,"featured_media":0,"parent":0,"menu_order":0,"comment_status":"closed","ping_status":"closed","template":"","meta":{"inline_featured_image":false,"footnotes":""},"yoast_head":"<!-- This site is optimized with the Yoast SEO plugin v21.6 - https:\/\/yoast.com\/wordpress\/plugins\/seo\/ -->\n<title>Beratung-Alt - AvS Advisors<\/title>\n<meta name=\"robots\" content=\"index, follow, max-snippet:-1, max-image-preview:large, max-video-preview:-1\" \/>\n<link rel=\"canonical\" href=\"https:\/\/avs-advisors.com\/de\/beratung-alt\/\" \/>\n<meta property=\"og:locale\" content=\"de_DE\" \/>\n<meta property=\"og:type\" content=\"article\" \/>\n<meta property=\"og:title\" content=\"Beratung-Alt - AvS Advisors\" \/>\n<meta property=\"og:url\" content=\"https:\/\/avs-advisors.com\/de\/beratung-alt\/\" \/>\n<meta property=\"og:site_name\" content=\"AvS Advisors\" \/>\n<meta property=\"article:modified_time\" content=\"2024-02-06T21:07:21+00:00\" \/>\n<meta name=\"twitter:card\" content=\"summary_large_image\" \/>\n<meta name=\"twitter:label1\" content=\"Gesch\u00e4tzte Lesezeit\" \/>\n\t<meta name=\"twitter:data1\" content=\"8\u00a0Minuten\" \/>\n<script type=\"application\/ld+json\" class=\"yoast-schema-graph\">{\"@context\":\"https:\/\/schema.org\",\"@graph\":[{\"@type\":\"WebPage\",\"@id\":\"https:\/\/avs-advisors.com\/de\/beratung-alt\/\",\"url\":\"https:\/\/avs-advisors.com\/de\/beratung-alt\/\",\"name\":\"Beratung-Alt - AvS Advisors\",\"isPartOf\":{\"@id\":\"https:\/\/avs-advisors.com\/#website\"},\"datePublished\":\"2016-03-29T10:14:58+00:00\",\"dateModified\":\"2024-02-06T21:07:21+00:00\",\"breadcrumb\":{\"@id\":\"https:\/\/avs-advisors.com\/de\/beratung-alt\/#breadcrumb\"},\"inLanguage\":\"de\",\"potentialAction\":[{\"@type\":\"ReadAction\",\"target\":[\"https:\/\/avs-advisors.com\/de\/beratung-alt\/\"]}]},{\"@type\":\"BreadcrumbList\",\"@id\":\"https:\/\/avs-advisors.com\/de\/beratung-alt\/#breadcrumb\",\"itemListElement\":[{\"@type\":\"ListItem\",\"position\":1,\"name\":\"Home\",\"item\":\"https:\/\/avs-advisors.com\/de\/\"},{\"@type\":\"ListItem\",\"position\":2,\"name\":\"Beratung-Alt\"}]},{\"@type\":\"WebSite\",\"@id\":\"https:\/\/avs-advisors.com\/#website\",\"url\":\"https:\/\/avs-advisors.com\/\",\"name\":\"AvS Advisors\",\"description\":\"Welcome\",\"publisher\":{\"@id\":\"https:\/\/avs-advisors.com\/#organization\"},\"potentialAction\":[{\"@type\":\"SearchAction\",\"target\":{\"@type\":\"EntryPoint\",\"urlTemplate\":\"https:\/\/avs-advisors.com\/?s={search_term_string}\"},\"query-input\":\"required name=search_term_string\"}],\"inLanguage\":\"de\"},{\"@type\":\"Organization\",\"@id\":\"https:\/\/avs-advisors.com\/#organization\",\"name\":\"Andreas von Specht \u2013 International Trusted Advisors GmbH\",\"url\":\"https:\/\/avs-advisors.com\/\",\"logo\":{\"@type\":\"ImageObject\",\"inLanguage\":\"de\",\"@id\":\"https:\/\/avs-advisors.com\/#\/schema\/logo\/image\/\",\"url\":\"https:\/\/avs-advisors.com\/wp-content\/uploads\/2023\/02\/AvS_Pantone_Gruen_003.svg\",\"contentUrl\":\"https:\/\/avs-advisors.com\/wp-content\/uploads\/2023\/02\/AvS_Pantone_Gruen_003.svg\",\"width\":\"1030\",\"height\":\"1030\",\"caption\":\"Andreas von Specht \u2013 International Trusted Advisors GmbH\"},\"image\":{\"@id\":\"https:\/\/avs-advisors.com\/#\/schema\/logo\/image\/\"},\"sameAs\":[\"https:\/\/www.linkedin.com\/company\/2461737\"]}]}<\/script>\n<!-- \/ Yoast SEO plugin. -->","yoast_head_json":{"title":"Beratung-Alt - AvS Advisors","robots":{"index":"index","follow":"follow","max-snippet":"max-snippet:-1","max-image-preview":"max-image-preview:large","max-video-preview":"max-video-preview:-1"},"canonical":"https:\/\/avs-advisors.com\/de\/beratung-alt\/","og_locale":"de_DE","og_type":"article","og_title":"Beratung-Alt - AvS Advisors","og_url":"https:\/\/avs-advisors.com\/de\/beratung-alt\/","og_site_name":"AvS Advisors","article_modified_time":"2024-02-06T21:07:21+00:00","twitter_card":"summary_large_image","twitter_misc":{"Gesch\u00e4tzte Lesezeit":"8\u00a0Minuten"},"schema":{"@context":"https:\/\/schema.org","@graph":[{"@type":"WebPage","@id":"https:\/\/avs-advisors.com\/de\/beratung-alt\/","url":"https:\/\/avs-advisors.com\/de\/beratung-alt\/","name":"Beratung-Alt - AvS Advisors","isPartOf":{"@id":"https:\/\/avs-advisors.com\/#website"},"datePublished":"2016-03-29T10:14:58+00:00","dateModified":"2024-02-06T21:07:21+00:00","breadcrumb":{"@id":"https:\/\/avs-advisors.com\/de\/beratung-alt\/#breadcrumb"},"inLanguage":"de","potentialAction":[{"@type":"ReadAction","target":["https:\/\/avs-advisors.com\/de\/beratung-alt\/"]}]},{"@type":"BreadcrumbList","@id":"https:\/\/avs-advisors.com\/de\/beratung-alt\/#breadcrumb","itemListElement":[{"@type":"ListItem","position":1,"name":"Home","item":"https:\/\/avs-advisors.com\/de\/"},{"@type":"ListItem","position":2,"name":"Beratung-Alt"}]},{"@type":"WebSite","@id":"https:\/\/avs-advisors.com\/#website","url":"https:\/\/avs-advisors.com\/","name":"AvS Advisors","description":"Welcome","publisher":{"@id":"https:\/\/avs-advisors.com\/#organization"},"potentialAction":[{"@type":"SearchAction","target":{"@type":"EntryPoint","urlTemplate":"https:\/\/avs-advisors.com\/?s={search_term_string}"},"query-input":"required name=search_term_string"}],"inLanguage":"de"},{"@type":"Organization","@id":"https:\/\/avs-advisors.com\/#organization","name":"Andreas von Specht \u2013 International Trusted Advisors GmbH","url":"https:\/\/avs-advisors.com\/","logo":{"@type":"ImageObject","inLanguage":"de","@id":"https:\/\/avs-advisors.com\/#\/schema\/logo\/image\/","url":"https:\/\/avs-advisors.com\/wp-content\/uploads\/2023\/02\/AvS_Pantone_Gruen_003.svg","contentUrl":"https:\/\/avs-advisors.com\/wp-content\/uploads\/2023\/02\/AvS_Pantone_Gruen_003.svg","width":"1030","height":"1030","caption":"Andreas von Specht \u2013 International Trusted Advisors GmbH"},"image":{"@id":"https:\/\/avs-advisors.com\/#\/schema\/logo\/image\/"},"sameAs":["https:\/\/www.linkedin.com\/company\/2461737"]}]}},"_links":{"self":[{"href":"https:\/\/avs-advisors.com\/de\/wp-json\/wp\/v2\/pages\/3387"}],"collection":[{"href":"https:\/\/avs-advisors.com\/de\/wp-json\/wp\/v2\/pages"}],"about":[{"href":"https:\/\/avs-advisors.com\/de\/wp-json\/wp\/v2\/types\/page"}],"author":[{"embeddable":true,"href":"https:\/\/avs-advisors.com\/de\/wp-json\/wp\/v2\/users\/1"}],"replies":[{"embeddable":true,"href":"https:\/\/avs-advisors.com\/de\/wp-json\/wp\/v2\/comments?post=3387"}],"version-history":[{"count":87,"href":"https:\/\/avs-advisors.com\/de\/wp-json\/wp\/v2\/pages\/3387\/revisions"}],"predecessor-version":[{"id":20306,"href":"https:\/\/avs-advisors.com\/de\/wp-json\/wp\/v2\/pages\/3387\/revisions\/20306"}],"wp:attachment":[{"href":"https:\/\/avs-advisors.com\/de\/wp-json\/wp\/v2\/media?parent=3387"}],"curies":[{"name":"wp","href":"https:\/\/api.w.org\/{rel}","templated":true}]}}