{"id":14879,"date":"2021-04-29T13:56:22","date_gmt":"2021-04-29T11:56:22","guid":{"rendered":"https:\/\/avs-advisors.com\/?page_id=14879"},"modified":"2026-04-01T17:28:48","modified_gmt":"2026-04-01T15:28:48","slug":"kontakt","status":"publish","type":"page","link":"https:\/\/avs-advisors.com\/de\/kontakt\/","title":{"rendered":"Kontakt"},"content":{"rendered":"<div id='full_slider_1'  class='avia-fullwidth-slider main_color avia-shadow   avia-builder-el-0  el_before_av_one_full  avia-builder-el-first   container_wrap sidebar_right'  ><div  class='avia-slideshow av-mt5z0v-05f3c254a9686953d9bebcf8e0c87af3 avia-slideshow-featured av_slideshow_full avia-slide-slider av-slideshow-ui av-control-default av-slideshow-manual av-loop-once av-loop-manual-endless av-default-height-applied   avia-slideshow-1' data-slideshow-options=\"{&quot;animation&quot;:&quot;slide&quot;,&quot;autoplay&quot;:false,&quot;loop_autoplay&quot;:&quot;once&quot;,&quot;interval&quot;:5,&quot;loop_manual&quot;:&quot;manual-endless&quot;,&quot;autoplay_stopper&quot;:false,&quot;noNavigation&quot;:false,&quot;bg_slider&quot;:false,&quot;keep_padding&quot;:false,&quot;hoverpause&quot;:false,&quot;show_slide_delay&quot;:0}\"  itemprop=\"image\" itemscope=\"itemscope\" itemtype=\"https:\/\/schema.org\/ImageObject\" ><ul class='avia-slideshow-inner ' style='padding-bottom: 28.666666666667%;'><li  class='avia-slideshow-slide av-mt5z0v-05f3c254a9686953d9bebcf8e0c87af3__0  av-single-slide slide-1 slide-odd'><div data-rel='slideshow-1' class='avia-slide-wrap '   ><img decoding=\"async\" class=\"wp-image-19654 avia-img-lazy-loading-not-19654\"  src=\"https:\/\/avs-advisors.com\/wp-content\/uploads\/2024\/01\/AvS_Keyword_Slider_web_1-1.webp\" width=\"1500\" height=\"430\" title='AvS_Keyword_Slider_web_1' alt=''  itemprop=\"thumbnailUrl\" srcset=\"https:\/\/avs-advisors.com\/wp-content\/uploads\/2024\/01\/AvS_Keyword_Slider_web_1-1.webp 1500w, https:\/\/avs-advisors.com\/wp-content\/uploads\/2024\/01\/AvS_Keyword_Slider_web_1-1-300x86.webp 300w, https:\/\/avs-advisors.com\/wp-content\/uploads\/2024\/01\/AvS_Keyword_Slider_web_1-1-1030x295.webp 1030w, https:\/\/avs-advisors.com\/wp-content\/uploads\/2024\/01\/AvS_Keyword_Slider_web_1-1-768x220.webp 768w, https:\/\/avs-advisors.com\/wp-content\/uploads\/2024\/01\/AvS_Keyword_Slider_web_1-1-705x202.webp 705w\" sizes=\"(max-width: 1500px) 100vw, 1500px\" \/><\/div><\/li><\/ul><\/div><\/div><div id='after_full_slider_1'  class='main_color av_default_container_wrap container_wrap sidebar_right'  ><div class='container av-section-cont-open' ><div class='template-page content  av-content-small alpha units'><div class='post-entry post-entry-type-page post-entry-14879'><div class='entry-content-wrapper clearfix'>\n\n<style type=\"text\/css\" data-created_by=\"avia_inline_auto\" id=\"style-css-av-j2bpxr-eed692ce14f714788db8eb707a164c0c\">\n.flex_column.av-j2bpxr-eed692ce14f714788db8eb707a164c0c{\n-webkit-border-radius:0px 0px 0px 0px;\n-moz-border-radius:0px 0px 0px 0px;\nborder-radius:0px 0px 0px 0px;\npadding:0px 0px 0px 0px;\n}\n<\/style>\n<div class='flex_column av-j2bpxr-eed692ce14f714788db8eb707a164c0c av_one_full  avia-builder-el-1  el_after_av_slideshow_full  el_before_av_section  avia-builder-el-no-sibling  first flex_column_div av-zero-column-padding '     ><p>\n<style type=\"text\/css\" data-created_by=\"avia_inline_auto\" id=\"style-css-av-2r4zpb-7559f74fe9373261288893408e4baf0b\">\n#top .av-special-heading.av-2r4zpb-7559f74fe9373261288893408e4baf0b{\npadding-bottom:10px;\n}\nbody .av-special-heading.av-2r4zpb-7559f74fe9373261288893408e4baf0b .av-special-heading-tag .heading-char{\nfont-size:25px;\n}\n.av-special-heading.av-2r4zpb-7559f74fe9373261288893408e4baf0b .av-subheading{\nfont-size:15px;\n}\n<\/style>\n<div  class='av-special-heading av-2r4zpb-7559f74fe9373261288893408e4baf0b av-special-heading-h2 blockquote modern-quote  avia-builder-el-2  el_before_av_textblock  avia-builder-el-first '><h2 class='av-special-heading-tag'  itemprop=\"headline\"  >Sprechen Sie mit uns \u00fcber Ihr Anliegen<\/h2><div class=\"special-heading-border\"><div class=\"special-heading-inner-border\"><\/div><\/div><\/div><br \/>\n<section  class='av_textblock_section av-fj0lnj-6c7bbb64178302b5120e04da48427ce2'  itemscope=\"itemscope\" itemtype=\"https:\/\/schema.org\/CreativeWork\" ><div class='avia_textblock'  itemprop=\"text\" ><p>Sie m\u00f6chten mehr zu unseren Beratungsleistung erfahren? Sie m\u00f6chten herausfinden, wie wir Sie und Ihr Unternehmen in Ihrer individuellen Situation unterst\u00fctzen k\u00f6nnen? Oder sich einfach einmal unverbindlich sowie vertraulich mit uns austauschen?<\/p>\n<p>Teilen Sie uns unten einige Eckdaten mit. Die passende Ansprechperson aus unserem Team meldet sich innerhalb von zwei Werktagen bei Ihnen.<\/p>\n<\/div><\/section><\/p><\/div>\n<\/div><\/div><\/div><!-- close content main div --><\/div><\/div>\n<style type=\"text\/css\" data-created_by=\"avia_inline_auto\" id=\"style-css-av-dh8cnj-0abba6b382274182662c888cacf961ff\">\n.avia-section.av-dh8cnj-0abba6b382274182662c888cacf961ff{\nbackground-color:#ffffff;\nbackground-image:unset;\n}\n<\/style>\n<div id='av_section_1'  class='avia-section av-dh8cnj-0abba6b382274182662c888cacf961ff main_color avia-section-default avia-no-shadow  avia-builder-el-4  el_after_av_one_full  avia-builder-el-last  avia-bg-style-scroll container_wrap sidebar_right'  ><div class='container av-section-cont-open' ><div class='template-page content  av-content-small alpha units'><div class='post-entry post-entry-type-page post-entry-14879'><div class='entry-content-wrapper clearfix'>\n\n<style type=\"text\/css\" data-created_by=\"avia_inline_auto\" id=\"style-css-av-197xuv3-0a256c971773111be9453efdcb9ebfb6\">\n.flex_column.av-197xuv3-0a256c971773111be9453efdcb9ebfb6{\n-webkit-border-radius:0px 0px 0px 0px;\n-moz-border-radius:0px 0px 0px 0px;\nborder-radius:0px 0px 0px 0px;\npadding:0px 0px 0px 0px;\n}\n<\/style>\n<div class='flex_column av-197xuv3-0a256c971773111be9453efdcb9ebfb6 av_two_third  avia-builder-el-5  el_before_av_one_third  avia-builder-el-first  first flex_column_div av-zero-column-padding '     ><\/div>\n<style type=\"text\/css\" data-created_by=\"avia_inline_auto\" id=\"style-css-av-mozbrz-e608a2ab1d373e005f5217077319b677\">\n.flex_column.av-mozbrz-e608a2ab1d373e005f5217077319b677{\n-webkit-border-radius:0px 0px 0px 0px;\n-moz-border-radius:0px 0px 0px 0px;\nborder-radius:0px 0px 0px 0px;\npadding:0px 0px 0px 0px;\n}\n<\/style>\n<div class='flex_column av-mozbrz-e608a2ab1d373e005f5217077319b677 av_one_third  avia-builder-el-7  el_after_av_two_third  avia-builder-el-last  flex_column_div av-zero-column-padding '     ><\/div><\/div><\/div><\/div><!-- close content main div --><\/div><\/div><div id='after_section_1'  class='main_color av_default_container_wrap container_wrap sidebar_right'  ><div class='container av-section-cont-open' ><div class='template-page content  av-content-small alpha units'><div class='post-entry post-entry-type-page post-entry-14879'><div class='entry-content-wrapper clearfix'>\n","protected":false},"excerpt":{"rendered":"","protected":false},"author":4,"featured_media":0,"parent":0,"menu_order":0,"comment_status":"closed","ping_status":"closed","template":"","meta":{"inline_featured_image":false,"footnotes":""},"yoast_head":"<!-- This site is optimized with the Yoast SEO plugin v21.6 - https:\/\/yoast.com\/wordpress\/plugins\/seo\/ -->\n<title>Kontakt - AvS Advisors<\/title>\n<meta name=\"robots\" content=\"index, follow, max-snippet:-1, max-image-preview:large, max-video-preview:-1\" \/>\n<link rel=\"canonical\" href=\"https:\/\/avs-advisors.com\/de\/kontakt\/\" \/>\n<meta property=\"og:locale\" content=\"de_DE\" \/>\n<meta property=\"og:type\" content=\"article\" \/>\n<meta property=\"og:title\" content=\"Kontakt - AvS Advisors\" \/>\n<meta property=\"og:url\" content=\"https:\/\/avs-advisors.com\/de\/kontakt\/\" \/>\n<meta property=\"og:site_name\" content=\"AvS Advisors\" \/>\n<meta property=\"article:modified_time\" content=\"2026-04-01T15:28:48+00:00\" \/>\n<meta name=\"twitter:card\" content=\"summary_large_image\" \/>\n<meta name=\"twitter:label1\" content=\"Gesch\u00e4tzte Lesezeit\" \/>\n\t<meta name=\"twitter:data1\" content=\"2\u00a0Minuten\" \/>\n<script type=\"application\/ld+json\" class=\"yoast-schema-graph\">{\"@context\":\"https:\/\/schema.org\",\"@graph\":[{\"@type\":\"WebPage\",\"@id\":\"https:\/\/avs-advisors.com\/de\/kontakt\/\",\"url\":\"https:\/\/avs-advisors.com\/de\/kontakt\/\",\"name\":\"Kontakt - AvS Advisors\",\"isPartOf\":{\"@id\":\"https:\/\/avs-advisors.com\/#website\"},\"datePublished\":\"2021-04-29T11:56:22+00:00\",\"dateModified\":\"2026-04-01T15:28:48+00:00\",\"breadcrumb\":{\"@id\":\"https:\/\/avs-advisors.com\/de\/kontakt\/#breadcrumb\"},\"inLanguage\":\"de\",\"potentialAction\":[{\"@type\":\"ReadAction\",\"target\":[\"https:\/\/avs-advisors.com\/de\/kontakt\/\"]}]},{\"@type\":\"BreadcrumbList\",\"@id\":\"https:\/\/avs-advisors.com\/de\/kontakt\/#breadcrumb\",\"itemListElement\":[{\"@type\":\"ListItem\",\"position\":1,\"name\":\"Home\",\"item\":\"https:\/\/avs-advisors.com\/de\/\"},{\"@type\":\"ListItem\",\"position\":2,\"name\":\"Kontakt\"}]},{\"@type\":\"WebSite\",\"@id\":\"https:\/\/avs-advisors.com\/#website\",\"url\":\"https:\/\/avs-advisors.com\/\",\"name\":\"AvS Advisors\",\"description\":\"Welcome\",\"publisher\":{\"@id\":\"https:\/\/avs-advisors.com\/#organization\"},\"potentialAction\":[{\"@type\":\"SearchAction\",\"target\":{\"@type\":\"EntryPoint\",\"urlTemplate\":\"https:\/\/avs-advisors.com\/?s={search_term_string}\"},\"query-input\":\"required name=search_term_string\"}],\"inLanguage\":\"de\"},{\"@type\":\"Organization\",\"@id\":\"https:\/\/avs-advisors.com\/#organization\",\"name\":\"Andreas von Specht \u2013 International Trusted Advisors GmbH\",\"url\":\"https:\/\/avs-advisors.com\/\",\"logo\":{\"@type\":\"ImageObject\",\"inLanguage\":\"de\",\"@id\":\"https:\/\/avs-advisors.com\/#\/schema\/logo\/image\/\",\"url\":\"https:\/\/avs-advisors.com\/wp-content\/uploads\/2023\/02\/AvS_Pantone_Gruen_003.svg\",\"contentUrl\":\"https:\/\/avs-advisors.com\/wp-content\/uploads\/2023\/02\/AvS_Pantone_Gruen_003.svg\",\"width\":\"1030\",\"height\":\"1030\",\"caption\":\"Andreas von Specht \u2013 International Trusted Advisors GmbH\"},\"image\":{\"@id\":\"https:\/\/avs-advisors.com\/#\/schema\/logo\/image\/\"},\"sameAs\":[\"https:\/\/www.linkedin.com\/company\/2461737\"]}]}<\/script>\n<!-- \/ Yoast SEO plugin. -->","yoast_head_json":{"title":"Kontakt - AvS Advisors","robots":{"index":"index","follow":"follow","max-snippet":"max-snippet:-1","max-image-preview":"max-image-preview:large","max-video-preview":"max-video-preview:-1"},"canonical":"https:\/\/avs-advisors.com\/de\/kontakt\/","og_locale":"de_DE","og_type":"article","og_title":"Kontakt - AvS Advisors","og_url":"https:\/\/avs-advisors.com\/de\/kontakt\/","og_site_name":"AvS Advisors","article_modified_time":"2026-04-01T15:28:48+00:00","twitter_card":"summary_large_image","twitter_misc":{"Gesch\u00e4tzte Lesezeit":"2\u00a0Minuten"},"schema":{"@context":"https:\/\/schema.org","@graph":[{"@type":"WebPage","@id":"https:\/\/avs-advisors.com\/de\/kontakt\/","url":"https:\/\/avs-advisors.com\/de\/kontakt\/","name":"Kontakt - AvS Advisors","isPartOf":{"@id":"https:\/\/avs-advisors.com\/#website"},"datePublished":"2021-04-29T11:56:22+00:00","dateModified":"2026-04-01T15:28:48+00:00","breadcrumb":{"@id":"https:\/\/avs-advisors.com\/de\/kontakt\/#breadcrumb"},"inLanguage":"de","potentialAction":[{"@type":"ReadAction","target":["https:\/\/avs-advisors.com\/de\/kontakt\/"]}]},{"@type":"BreadcrumbList","@id":"https:\/\/avs-advisors.com\/de\/kontakt\/#breadcrumb","itemListElement":[{"@type":"ListItem","position":1,"name":"Home","item":"https:\/\/avs-advisors.com\/de\/"},{"@type":"ListItem","position":2,"name":"Kontakt"}]},{"@type":"WebSite","@id":"https:\/\/avs-advisors.com\/#website","url":"https:\/\/avs-advisors.com\/","name":"AvS Advisors","description":"Welcome","publisher":{"@id":"https:\/\/avs-advisors.com\/#organization"},"potentialAction":[{"@type":"SearchAction","target":{"@type":"EntryPoint","urlTemplate":"https:\/\/avs-advisors.com\/?s={search_term_string}"},"query-input":"required name=search_term_string"}],"inLanguage":"de"},{"@type":"Organization","@id":"https:\/\/avs-advisors.com\/#organization","name":"Andreas von Specht \u2013 International Trusted Advisors GmbH","url":"https:\/\/avs-advisors.com\/","logo":{"@type":"ImageObject","inLanguage":"de","@id":"https:\/\/avs-advisors.com\/#\/schema\/logo\/image\/","url":"https:\/\/avs-advisors.com\/wp-content\/uploads\/2023\/02\/AvS_Pantone_Gruen_003.svg","contentUrl":"https:\/\/avs-advisors.com\/wp-content\/uploads\/2023\/02\/AvS_Pantone_Gruen_003.svg","width":"1030","height":"1030","caption":"Andreas von Specht \u2013 International Trusted Advisors GmbH"},"image":{"@id":"https:\/\/avs-advisors.com\/#\/schema\/logo\/image\/"},"sameAs":["https:\/\/www.linkedin.com\/company\/2461737"]}]}},"_links":{"self":[{"href":"https:\/\/avs-advisors.com\/de\/wp-json\/wp\/v2\/pages\/14879"}],"collection":[{"href":"https:\/\/avs-advisors.com\/de\/wp-json\/wp\/v2\/pages"}],"about":[{"href":"https:\/\/avs-advisors.com\/de\/wp-json\/wp\/v2\/types\/page"}],"author":[{"embeddable":true,"href":"https:\/\/avs-advisors.com\/de\/wp-json\/wp\/v2\/users\/4"}],"replies":[{"embeddable":true,"href":"https:\/\/avs-advisors.com\/de\/wp-json\/wp\/v2\/comments?post=14879"}],"version-history":[{"count":12,"href":"https:\/\/avs-advisors.com\/de\/wp-json\/wp\/v2\/pages\/14879\/revisions"}],"predecessor-version":[{"id":22982,"href":"https:\/\/avs-advisors.com\/de\/wp-json\/wp\/v2\/pages\/14879\/revisions\/22982"}],"wp:attachment":[{"href":"https:\/\/avs-advisors.com\/de\/wp-json\/wp\/v2\/media?parent=14879"}],"curies":[{"name":"wp","href":"https:\/\/api.w.org\/{rel}","templated":true}]}}